{"id":3,"date":"2020-10-29T23:00:19","date_gmt":"2020-10-29T23:00:19","guid":{"rendered":"https:\/\/www.quasinfalivel.pt\/test\/?page_id=3"},"modified":"2021-08-09T16:52:53","modified_gmt":"2021-08-09T16:52:53","slug":"politica-privacidade","status":"publish","type":"page","link":"https:\/\/www.quasinfalivel.pt\/test\/politica-privacidade\/","title":{"rendered":"Pol\u00edtica de privacidade"},"content":{"rendered":"<div class=\"gb-container gb-container-dcb24c1f\"><div class=\"gb-inside-container\">\n\n<h2 class=\"gb-headline gb-headline-8832192a gb-headline-text\">Privacidade<\/h2>\n\n\n\n<p>A Quasinfal\u00edvel unipessoal, lda \u00e9 a respons\u00e1vel pelo presente website, sendo a exclusiva detentora de todos os direitos que lhe s\u00e3o inerentes, incluindo, mas n\u00e3o limitando, os correlativos direitos de propriedade intelectual, bem como quaisquer outros direitos relativos ao mesmo e que n\u00e3o sejam expressamente atribu\u00eddos aos utilizadores.<br><br>Este website tem por finalidade prim\u00e1ria dar a conhecer aos seus utilizadores a Quasinfal\u00edvel unipessoal, lda, enquanto player no sector de consultoria em processo de qualidade de software, bem como a sua oferta de produtos e de servi\u00e7os, sendo o mesmo de acesso livre, n\u00e3o carecendo os seus utilizadores de efetuar qualquer registo pr\u00e9vio para a ele poderem aceder ou para o poderem utilizar. &nbsp;<br><br>A Quasinfal\u00edvel unipessoal, lda garante a confidencialidade, a privacidade e a integridade dos dados pessoais que os utilizadores lhe venham a fornecer ou a transmitir atrav\u00e9s deste website e que venham a ser recolhidos online, de acordo com o previsto nas normas legais e regulamentares em vigor em Portugal, designadamente na Lei de Prote\u00e7\u00e3o de Dados Pessoais (Lei n.\u00ba 67\/98, de 26.10), que a Quasinfal\u00edvel unipessoal, lda se obriga a cumprir e a observar.<br><br>A transmiss\u00e3o, recolha e tratamento dos dados pessoais dos utilizadores realiza-se de forma segura e encontra-se devidamente protegida por protocolos de seguran\u00e7a implementados pela Quasinfal\u00edvel unipessoal, lda, de modo a impedir a manipula\u00e7\u00e3o, adultera\u00e7\u00e3o, perda ou destrui\u00e7\u00e3o de dados, sendo toda a informa\u00e7\u00e3o pessoal fornecida pelos utilizadores devidamente encriptada e gerida de acordo com adequadas ferramentas de seguran\u00e7a.<br><br>Informa\u00e7\u00e3o pessoal \u00e9 toda e qualquer informa\u00e7\u00e3o que possa ser utilizada para identificar o utilizador (pessoa singular ou coletiva) e que este venha a inserir neste website, designadamente a informa\u00e7\u00e3o relativa ao nome ou denomina\u00e7\u00e3o do utilizador, endere\u00e7o de e-mail, endere\u00e7o postal, cargo, profiss\u00e3o ou outra diretamente respeitante ao utilizador.<br><br>Os dados pessoais fornecidos pelos utilizadores destinam-se exclusivamente a permitir o encaminhamento, pela Quasinfal\u00edvel unipessoal, lda, de pedidos de informa\u00e7\u00e3o que lhe venham a ser dirigidos sobre os seus produtos e servi\u00e7os e\/ou sobre a sua atividade comercial, bem como a efetuar o encaminhamento de outros pedidos de informa\u00e7\u00e3o e a processar eventuais reclama\u00e7\u00f5es que lhe venham a ser dirigidas pelos utilizadores, podendo ainda tais dados ser utilizados, pela Quasinfal\u00edvel unipessoal, lda, para efeitos de marketing direto.<br><br>Nos termos legais, todos os utilizadores deste website t\u00eam o direito de acesso, atualiza\u00e7\u00e3o, retifica\u00e7\u00e3o, cancelamento, elimina\u00e7\u00e3o e oposi\u00e7\u00e3o dos seus dados pessoais, podendo exercer tal faculdade mediante simples comunica\u00e7\u00e3o escrita a dirigir para a Quasinfal\u00edvel unipessoal, lda, fazendo uso dos seguintes contatos:<\/p>\n\n\n\n<ul><li><strong>Endere\u00e7o postal: <\/strong>Rua Filipe Folque, n\u00ba2, 1\u00ba andar, sala 6, 1400-074 Lisboa<\/li><li><strong>Endere\u00e7o electr\u00f3nico: <\/strong><a href=\"mailto:info@www.quasinfalivel.pt\">info@www.quasinfalivel.pt<\/a>&nbsp;<\/li><\/ul>\n\n\n\n<p>N\u00e3o obstante os protocolos de seguran\u00e7a implementados neste website, a Quasinfal\u00edvel unipessoal, lda informa os utilizadores que \u00e0 recolha e circula\u00e7\u00e3o de dados pessoais em rede aberta encontra-se sempre subjacente um risco de visualiza\u00e7\u00e3o e utiliza\u00e7\u00e3o de dados por terceiros n\u00e3o autorizados, risco esse que corre por conta dos utilizadores e que estes devem tomar em considera\u00e7\u00e3o, n\u00e3o se responsabilizando a Quasinfal\u00edvel unipessoal, lda por quaisquer danos, diretos ou indiretos, que decorram da manipula\u00e7\u00e3o, adultera\u00e7\u00e3o, perda ou destrui\u00e7\u00e3o de dados em tais situa\u00e7\u00f5es.<\/p>\n\n\n\n<p>A Quasinfal\u00edvel unipessoal, lda declara ainda que respeita integralmente todas as normas legais e regulamentares, nacionais e internacionais, relativas \u00e0 prote\u00e7\u00e3o da privacidade das crian\u00e7as, n\u00e3o constituindo seu prop\u00f3sito atrair visitas de crian\u00e7as a este website, nem de lhes solicitar qualquer informa\u00e7\u00e3o pessoal, seja por que meio e para que finalidade for.<\/p>\n\n\n\n<h2 class=\"gb-headline gb-headline-9d14032d gb-headline-text\">Cookies<\/h2>\n\n\n\n<p>O website da Quasinfal\u00edvel unipessoal, lda utiliza cookies com o \u00fanico objetivo de facilitar e melhorar a experi\u00eancia de navega\u00e7\u00e3o dos seus utilizadores. Ao visit\u00e1-lo, os utilizadores consentem a utiliza\u00e7\u00e3o de cookies.<br><br>Os cookies s\u00e3o pequenos ficheiros de texto enviados ao browser dos utilizadores aquando da visita de um determinado website.<br><br>Os cookies permitem ao website recolher, registar e memorizar informa\u00e7\u00f5es ou elementos relacionados com a visita efetuada pelos utilizadores e revelam-se \u00fateis na medida em que permitem tornar uma visita posterior mais f\u00e1cil, expedita e personalizada.<br><br>Qualquer utilizador de um website que n\u00e3o deseje receber cookies, pode configurar o seu browser para este emitir um aviso sempre que receber um cookie ou para bloquear ou desativar todos os cookies.<br><br>Caso, por\u00e9m, venha a desativar os cookies, pode o utilizador ficar impedido de aceder ao website na sua plenitude, podendo n\u00e3o conseguir aceder a determinadas partes do website. &nbsp;<br><br>Para as configura\u00e7\u00f5es de cookies e para obter informa\u00e7\u00f5es sobre a forma correta de os alterar, atualizar, bloquear ou eliminar, consulte o menu de Ajuda do seu browser.<br><br>No website <a href=\"http:\/\/www.AboutCookies.org\">www.AboutCookies.org<\/a>, encontra-se dispon\u00edvel informa\u00e7\u00e3o adicional relativa \u00e0 utiliza\u00e7\u00e3o, controle, gest\u00e3o e elimina\u00e7\u00e3o de cookies.<br><\/p>\n\n\n\n<h2 class=\"gb-headline gb-headline-f05f4f46 gb-headline-text\">Outras Disposi\u00e7\u00f5es<\/h2>\n\n\n\n<p>O website da Quasinfal\u00edvel unipessoal, lda cont\u00e9m apenas informa\u00e7\u00e3o gen\u00e9rica relativa \u00e0 Quasinfal\u00edvel unipessoal, lda, n\u00e3o se destinando o mesmo a prestar qualquer aconselhamento profissional aos seus utilizadores.<br><br>O website da Quasinfal\u00edvel unipessoal, lda \u00e9 disponibilizado tal como se encontra apresentado, n\u00e3o garantindo a Quasinfal\u00edvel unipessoal, lda que os seus conte\u00fados estejam isentos de erros e\/ou tenham qualquer n\u00edvel espec\u00edfico de qualidade. &nbsp;<br><br>O website da Quasinfal\u00edvel unipessoal, lda pode conter hiperliga\u00e7\u00f5es (links) para outros websites de terceiros, n\u00e3o assumindo a Quasinfal\u00edvel unipessoal, lda qualquer responsabilidade pelos conte\u00fados de tais websites, nem pelas respectivas pol\u00edticas de privacidade.<br><br>A Quasinfal\u00edvel unipessoal, lda reserva-se \u00e0 faculdade de rever e\/ou alterar, a todo o tempo, a sua pol\u00edtica de privacidade, incluindo a pol\u00edtica de cookies, pelo que se aconselha aos utilizadores deste website a consulta regular e peri\u00f3dica deste documento.<br><br>As disposi\u00e7\u00f5es constantes deste documento traduzem fielmente a pol\u00edtica de privacidade e de cookies seguida pelo website da Quasinfal\u00edvel unipessoal, lda, sendo que, para toda e qualquer d\u00favida ou quest\u00e3o que se suscite aos utilizadores sobre as mesmas, agradecemos o contato para o seguinte endere\u00e7o de e-mail: <a href=\"mailto:info@www.quasinfalivel.pt\">info@www.quasinfalivel.pt<\/a>&nbsp;<\/p>\n\n<\/div><\/div>","protected":false},"excerpt":{"rendered":"<p>Privacidade A Quasinfal\u00edvel unipessoal, lda \u00e9 a respons\u00e1vel pelo presente website, sendo a exclusiva detentora de todos os direitos que lhe s\u00e3o inerentes, incluindo, mas n\u00e3o limitando, os correlativos direitos de propriedade intelectual, bem como quaisquer outros direitos relativos ao mesmo e que n\u00e3o sejam expressamente atribu\u00eddos aos utilizadores. Este &#8230; <\/p>\n<p class=\"read-more-container\"><a title=\"Pol\u00edtica de privacidade\" class=\"read-more button\" href=\"https:\/\/www.quasinfalivel.pt\/test\/politica-privacidade\/#more-3\" aria-label=\"Mais em Pol\u00edtica de privacidade\">Ler Mais<\/a><\/p>\n","protected":false},"author":1,"featured_media":0,"parent":0,"menu_order":0,"comment_status":"closed","ping_status":"closed","template":"","meta":{"_uag_custom_page_level_css":"","_mi_skip_tracking":false},"yoast_head":"<!-- This site is optimized with the Yoast SEO plugin v19.13 - https:\/\/yoast.com\/wordpress\/plugins\/seo\/ -->\n<title>Pol\u00edtica de privacidade - Quasinfal\u00edvel<\/title>\n<meta name=\"description\" content=\"Pol\u00edtica de privacidade para o site da Quasinfal\u00edvel Unipessoal, Lda. A Quasinfal\u00edvel unipessoal, lda \u00e9 a respons\u00e1vel pelo presente website.\" \/>\n<meta name=\"robots\" content=\"index, follow, max-snippet:-1, max-image-preview:large, max-video-preview:-1\" \/>\n<link rel=\"canonical\" href=\"https:\/\/www.quasinfalivel.pt\/test\/politica-privacidade\/\" \/>\n<meta property=\"og:locale\" content=\"pt_PT\" \/>\n<meta property=\"og:type\" content=\"article\" \/>\n<meta property=\"og:title\" content=\"Pol\u00edtica de privacidade - Quasinfal\u00edvel\" \/>\n<meta property=\"og:description\" content=\"Pol\u00edtica de privacidade para o site da Quasinfal\u00edvel Unipessoal, Lda. A Quasinfal\u00edvel unipessoal, lda \u00e9 a respons\u00e1vel pelo presente website.\" \/>\n<meta property=\"og:url\" content=\"https:\/\/www.quasinfalivel.pt\/test\/politica-privacidade\/\" \/>\n<meta property=\"og:site_name\" content=\"Quasinfal\u00edvel\" \/>\n<meta property=\"article:publisher\" content=\"https:\/\/www.facebook.com\/Quasinfalivel-Unipessoal-Lda-442428829209221\" \/>\n<meta property=\"article:modified_time\" content=\"2021-08-09T16:52:53+00:00\" \/>\n<meta name=\"twitter:card\" content=\"summary_large_image\" \/>\n<meta name=\"twitter:title\" content=\"Pol\u00edtica de privacidade - Quasinfal\u00edvel\" \/>\n<meta name=\"twitter:description\" content=\"Pol\u00edtica de privacidade para o site da Quasinfal\u00edvel Unipessoal, Lda. A Quasinfal\u00edvel unipessoal, lda \u00e9 a respons\u00e1vel pelo presente website.\" \/>\n<meta name=\"twitter:label1\" content=\"Tempo estimado de leitura\" \/>\n\t<meta name=\"twitter:data1\" content=\"5 minutos\" \/>\n<script type=\"application\/ld+json\" class=\"yoast-schema-graph\">{\"@context\":\"https:\/\/schema.org\",\"@graph\":[{\"@type\":\"WebPage\",\"@id\":\"https:\/\/www.quasinfalivel.pt\/test\/politica-privacidade\/\",\"url\":\"https:\/\/www.quasinfalivel.pt\/test\/politica-privacidade\/\",\"name\":\"Pol\u00edtica de privacidade - Quasinfal\u00edvel\",\"isPartOf\":{\"@id\":\"https:\/\/www.quasinfalivel.pt\/test\/#website\"},\"datePublished\":\"2020-10-29T23:00:19+00:00\",\"dateModified\":\"2021-08-09T16:52:53+00:00\",\"description\":\"Pol\u00edtica de privacidade para o site da Quasinfal\u00edvel Unipessoal, Lda. A Quasinfal\u00edvel unipessoal, lda \u00e9 a respons\u00e1vel pelo presente website.\",\"breadcrumb\":{\"@id\":\"https:\/\/www.quasinfalivel.pt\/test\/politica-privacidade\/#breadcrumb\"},\"inLanguage\":\"pt-PT\",\"potentialAction\":[{\"@type\":\"ReadAction\",\"target\":[\"https:\/\/www.quasinfalivel.pt\/test\/politica-privacidade\/\"]}]},{\"@type\":\"BreadcrumbList\",\"@id\":\"https:\/\/www.quasinfalivel.pt\/test\/politica-privacidade\/#breadcrumb\",\"itemListElement\":[{\"@type\":\"ListItem\",\"position\":1,\"name\":\"In\u00edcio\",\"item\":\"https:\/\/www.quasinfalivel.pt\/test\/\"},{\"@type\":\"ListItem\",\"position\":2,\"name\":\"Pol\u00edtica de privacidade\"}]},{\"@type\":\"WebSite\",\"@id\":\"https:\/\/www.quasinfalivel.pt\/test\/#website\",\"url\":\"https:\/\/www.quasinfalivel.pt\/test\/\",\"name\":\"Quasinfal\u00edvel\",\"description\":\"Empresa de consultoria, auditoria, e forma\u00e7\u00e3o em \u00e1reas como CMMI, Agile, BPM, ISO 9001 e ISO 27001.\",\"publisher\":{\"@id\":\"https:\/\/www.quasinfalivel.pt\/test\/#organization\"},\"potentialAction\":[{\"@type\":\"SearchAction\",\"target\":{\"@type\":\"EntryPoint\",\"urlTemplate\":\"https:\/\/www.quasinfalivel.pt\/test\/?s={search_term_string}\"},\"query-input\":\"required name=search_term_string\"}],\"inLanguage\":\"pt-PT\"},{\"@type\":\"Organization\",\"@id\":\"https:\/\/www.quasinfalivel.pt\/test\/#organization\",\"name\":\"Quasinfal\u00edvel\",\"url\":\"https:\/\/www.quasinfalivel.pt\/test\/\",\"logo\":{\"@type\":\"ImageObject\",\"inLanguage\":\"pt-PT\",\"@id\":\"https:\/\/www.quasinfalivel.pt\/test\/#\/schema\/logo\/image\/\",\"url\":\"https:\/\/www.quasinfalivel.pt\/test\/wp-content\/uploads\/2020\/10\/logo-quasinfalivel-600x450-1.png\",\"contentUrl\":\"https:\/\/www.quasinfalivel.pt\/test\/wp-content\/uploads\/2020\/10\/logo-quasinfalivel-600x450-1.png\",\"width\":600,\"height\":451,\"caption\":\"Quasinfal\u00edvel\"},\"image\":{\"@id\":\"https:\/\/www.quasinfalivel.pt\/test\/#\/schema\/logo\/image\/\"},\"sameAs\":[\"https:\/\/www.linkedin.com\/company\/quasinfal\u00edvel-unipessoal-lda\",\"https:\/\/www.facebook.com\/Quasinfalivel-Unipessoal-Lda-442428829209221\"]}]}<\/script>\n<!-- \/ Yoast SEO plugin. -->","yoast_head_json":{"title":"Pol\u00edtica de privacidade - Quasinfal\u00edvel","description":"Pol\u00edtica de privacidade para o site da Quasinfal\u00edvel Unipessoal, Lda. A Quasinfal\u00edvel unipessoal, lda \u00e9 a respons\u00e1vel pelo presente website.","robots":{"index":"index","follow":"follow","max-snippet":"max-snippet:-1","max-image-preview":"max-image-preview:large","max-video-preview":"max-video-preview:-1"},"canonical":"https:\/\/www.quasinfalivel.pt\/test\/politica-privacidade\/","og_locale":"pt_PT","og_type":"article","og_title":"Pol\u00edtica de privacidade - Quasinfal\u00edvel","og_description":"Pol\u00edtica de privacidade para o site da Quasinfal\u00edvel Unipessoal, Lda. A Quasinfal\u00edvel unipessoal, lda \u00e9 a respons\u00e1vel pelo presente website.","og_url":"https:\/\/www.quasinfalivel.pt\/test\/politica-privacidade\/","og_site_name":"Quasinfal\u00edvel","article_publisher":"https:\/\/www.facebook.com\/Quasinfalivel-Unipessoal-Lda-442428829209221","article_modified_time":"2021-08-09T16:52:53+00:00","twitter_card":"summary_large_image","twitter_title":"Pol\u00edtica de privacidade - Quasinfal\u00edvel","twitter_description":"Pol\u00edtica de privacidade para o site da Quasinfal\u00edvel Unipessoal, Lda. A Quasinfal\u00edvel unipessoal, lda \u00e9 a respons\u00e1vel pelo presente website.","twitter_misc":{"Tempo estimado de leitura":"5 minutos"},"schema":{"@context":"https:\/\/schema.org","@graph":[{"@type":"WebPage","@id":"https:\/\/www.quasinfalivel.pt\/test\/politica-privacidade\/","url":"https:\/\/www.quasinfalivel.pt\/test\/politica-privacidade\/","name":"Pol\u00edtica de privacidade - Quasinfal\u00edvel","isPartOf":{"@id":"https:\/\/www.quasinfalivel.pt\/test\/#website"},"datePublished":"2020-10-29T23:00:19+00:00","dateModified":"2021-08-09T16:52:53+00:00","description":"Pol\u00edtica de privacidade para o site da Quasinfal\u00edvel Unipessoal, Lda. A Quasinfal\u00edvel unipessoal, lda \u00e9 a respons\u00e1vel pelo presente website.","breadcrumb":{"@id":"https:\/\/www.quasinfalivel.pt\/test\/politica-privacidade\/#breadcrumb"},"inLanguage":"pt-PT","potentialAction":[{"@type":"ReadAction","target":["https:\/\/www.quasinfalivel.pt\/test\/politica-privacidade\/"]}]},{"@type":"BreadcrumbList","@id":"https:\/\/www.quasinfalivel.pt\/test\/politica-privacidade\/#breadcrumb","itemListElement":[{"@type":"ListItem","position":1,"name":"In\u00edcio","item":"https:\/\/www.quasinfalivel.pt\/test\/"},{"@type":"ListItem","position":2,"name":"Pol\u00edtica de privacidade"}]},{"@type":"WebSite","@id":"https:\/\/www.quasinfalivel.pt\/test\/#website","url":"https:\/\/www.quasinfalivel.pt\/test\/","name":"Quasinfal\u00edvel","description":"Empresa de consultoria, auditoria, e forma\u00e7\u00e3o em \u00e1reas como CMMI, Agile, BPM, ISO 9001 e ISO 27001.","publisher":{"@id":"https:\/\/www.quasinfalivel.pt\/test\/#organization"},"potentialAction":[{"@type":"SearchAction","target":{"@type":"EntryPoint","urlTemplate":"https:\/\/www.quasinfalivel.pt\/test\/?s={search_term_string}"},"query-input":"required name=search_term_string"}],"inLanguage":"pt-PT"},{"@type":"Organization","@id":"https:\/\/www.quasinfalivel.pt\/test\/#organization","name":"Quasinfal\u00edvel","url":"https:\/\/www.quasinfalivel.pt\/test\/","logo":{"@type":"ImageObject","inLanguage":"pt-PT","@id":"https:\/\/www.quasinfalivel.pt\/test\/#\/schema\/logo\/image\/","url":"https:\/\/www.quasinfalivel.pt\/test\/wp-content\/uploads\/2020\/10\/logo-quasinfalivel-600x450-1.png","contentUrl":"https:\/\/www.quasinfalivel.pt\/test\/wp-content\/uploads\/2020\/10\/logo-quasinfalivel-600x450-1.png","width":600,"height":451,"caption":"Quasinfal\u00edvel"},"image":{"@id":"https:\/\/www.quasinfalivel.pt\/test\/#\/schema\/logo\/image\/"},"sameAs":["https:\/\/www.linkedin.com\/company\/quasinfal\u00edvel-unipessoal-lda","https:\/\/www.facebook.com\/Quasinfalivel-Unipessoal-Lda-442428829209221"]}]}},"uagb_featured_image_src":{"full":false,"thumbnail":false,"medium":false,"medium_large":false,"large":false,"1536x1536":false,"2048x2048":false},"uagb_author_info":{"display_name":"Admin-Quasinfalivel","author_link":"https:\/\/www.quasinfalivel.pt\/test\/author\/admin-quasinfalivel\/"},"uagb_comment_info":0,"uagb_excerpt":"Privacidade A Quasinfal\u00edvel unipessoal, lda \u00e9 a respons\u00e1vel pelo presente website, sendo a exclusiva detentora de todos os direitos que lhe s\u00e3o inerentes, incluindo, mas n\u00e3o limitando, os correlativos direitos de propriedade intelectual, bem como quaisquer outros direitos relativos ao mesmo e que n\u00e3o sejam expressamente atribu\u00eddos aos utilizadores. Este ... Ler Mais","_links":{"self":[{"href":"https:\/\/www.quasinfalivel.pt\/test\/wp-json\/wp\/v2\/pages\/3"}],"collection":[{"href":"https:\/\/www.quasinfalivel.pt\/test\/wp-json\/wp\/v2\/pages"}],"about":[{"href":"https:\/\/www.quasinfalivel.pt\/test\/wp-json\/wp\/v2\/types\/page"}],"author":[{"embeddable":true,"href":"https:\/\/www.quasinfalivel.pt\/test\/wp-json\/wp\/v2\/users\/1"}],"replies":[{"embeddable":true,"href":"https:\/\/www.quasinfalivel.pt\/test\/wp-json\/wp\/v2\/comments?post=3"}],"version-history":[{"count":7,"href":"https:\/\/www.quasinfalivel.pt\/test\/wp-json\/wp\/v2\/pages\/3\/revisions"}],"predecessor-version":[{"id":19510,"href":"https:\/\/www.quasinfalivel.pt\/test\/wp-json\/wp\/v2\/pages\/3\/revisions\/19510"}],"wp:attachment":[{"href":"https:\/\/www.quasinfalivel.pt\/test\/wp-json\/wp\/v2\/media?parent=3"}],"curies":[{"name":"wp","href":"https:\/\/api.w.org\/{rel}","templated":true}]}}