{"id":20288,"date":"2022-03-21T13:46:05","date_gmt":"2022-03-21T13:46:05","guid":{"rendered":"https:\/\/www.quasinfalivel.pt\/test\/?page_id=20288"},"modified":"2022-03-21T13:46:06","modified_gmt":"2022-03-21T13:46:06","slug":"projetos-de-compliance","status":"publish","type":"page","link":"https:\/\/www.quasinfalivel.pt\/test\/servicos\/projetos-de-compliance\/","title":{"rendered":"Projetos de Compliance"},"content":{"rendered":"<div class=\"gb-container gb-container-64243176\"><div class=\"gb-inside-container\">\n<div class=\"gb-grid-wrapper gb-grid-wrapper-77f4123c\">\n<div class=\"gb-grid-column gb-grid-column-a0e212db\"><div class=\"gb-container gb-container-a0e212db\"><div class=\"gb-inside-container\">\n\n<p>As organiza\u00e7\u00f5es devem determinar quais s\u00e3o os fatores relevantes para o seu neg\u00f3cio, quer ao n\u00edvel interno quer ao n\u00edvel externo.<\/p>\n\n\n\n<p>Por causa dos fatores externos, como s\u00e3o os processos de <strong>due diligence<\/strong> ou os <strong>novos desafios legais<\/strong>, as organiza\u00e7\u00f5es est\u00e3o cada vez mais preocupadas com a incorpora\u00e7\u00e3o das quest\u00f5es de <strong>gest\u00e3o da qualidade<\/strong> e da <strong>seguran\u00e7a da informa\u00e7\u00e3o e privacidade<\/strong> nos seus processos de neg\u00f3cio.<\/p>\n\n\n\n<p>Compreender as necessidades e expetativas das partes interessadas e incorporar estes novos requisitos nos processos das organiza\u00e7\u00f5es \u00e9 um desafio constante que deve ser implementando e mantido ao longo do tempo.<\/p>\n\n\n<div class=\"gb-button-wrapper gb-button-wrapper-fcf25917\">\n\n<a class=\"gb-button gb-button-9aa4a96f\" href=\"https:\/\/www.quasinfalivel.pt\/test\/contatos\/\"><span class=\"gb-button-text\">Saiba Mais Sobre Compliance<\/span><span class=\"gb-icon\"><svg aria-hidden=\"true\" height=\"1em\" width=\"1em\" viewBox=\"0 0 256 512\" xmlns=\"http:\/\/www.w3.org\/2000\/svg\"><path fill=\"currentColor\" d=\"M224.3 273l-136 136c-9.4 9.4-24.6 9.4-33.9 0l-22.6-22.6c-9.4-9.4-9.4-24.6 0-33.9l96.4-96.4-96.4-96.4c-9.4-9.4-9.4-24.6 0-33.9L54.3 103c9.4-9.4 24.6-9.4 33.9 0l136 136c9.5 9.4 9.5 24.6.1 34z\"><\/path><\/svg><\/span><\/a>\n\n<\/div>\n<\/div><\/div><\/div>\n\n<div class=\"gb-grid-column gb-grid-column-49594e8f\"><div class=\"gb-container gb-container-49594e8f\"><div class=\"gb-inside-container\">\n\n<figure class=\"wp-block-image size-large\"><img decoding=\"async\" loading=\"lazy\" width=\"1024\" height=\"683\" src=\"https:\/\/www.quasinfalivel.pt\/test\/wp-content\/uploads\/2022\/03\/scott-graham-5fNmWej4tAA-unsplash-2-1024x683.jpg\" alt=\"\" class=\"wp-image-20289\" srcset=\"https:\/\/www.quasinfalivel.pt\/test\/wp-content\/uploads\/2022\/03\/scott-graham-5fNmWej4tAA-unsplash-2-1024x683.jpg 1024w, https:\/\/www.quasinfalivel.pt\/test\/wp-content\/uploads\/2022\/03\/scott-graham-5fNmWej4tAA-unsplash-2-300x200.jpg 300w, https:\/\/www.quasinfalivel.pt\/test\/wp-content\/uploads\/2022\/03\/scott-graham-5fNmWej4tAA-unsplash-2-768x512.jpg 768w, https:\/\/www.quasinfalivel.pt\/test\/wp-content\/uploads\/2022\/03\/scott-graham-5fNmWej4tAA-unsplash-2-1536x1025.jpg 1536w, https:\/\/www.quasinfalivel.pt\/test\/wp-content\/uploads\/2022\/03\/scott-graham-5fNmWej4tAA-unsplash-2.jpg 1920w\" sizes=\"(max-width: 1024px) 100vw, 1024px\" \/><\/figure>\n\n<\/div><\/div><\/div>\n<\/div>\n<\/div><\/div>\n\n<div class=\"gb-container gb-container-ad3ff6de\"><div class=\"gb-inside-container\"><\/div><\/div>\n\n<div class=\"gb-container gb-container-1419bdf9\"><div class=\"gb-inside-container\">\n\n<h2 class=\"gb-headline gb-headline-44853b49 gb-headline-text\">Porque devo garantir a conformidade na minha organiza\u00e7\u00e3o?<\/h2>\n\n\n<div class=\"gb-grid-wrapper gb-grid-wrapper-71f41f21\">\n<div class=\"gb-grid-column gb-grid-column-043a967e\"><div class=\"gb-container gb-container-043a967e\"><div class=\"gb-inside-container\">\n\n<div style=\"margin-bottom: 10px;margin-top:20px;\"><i class=\"fas fa-gavel fa-2x\"><\/i><\/div>\n\n\n\n<div class=\"wp-block-uagb-advanced-heading uagb-block-c3d24566\"><h4 class=\"uagb-heading-text\">Compliance<\/h4><div class=\"uagb-separator-wrap\"><div class=\"uagb-separator\"><\/div><\/div><p class=\"uagb-desc-text\">Estar em conformidade com as regras da organiza\u00e7\u00e3o e com a legisla\u00e7\u00e3o em vigor previne novos processos judiciais mantendo elevada a notoriedade da organiza\u00e7\u00e3o.<\/p><\/div>\n\n<\/div><\/div><\/div>\n\n<div class=\"gb-grid-column gb-grid-column-0e73392c\"><div class=\"gb-container gb-container-0e73392c\"><div class=\"gb-inside-container\">\n\n<div style=\"margin-bottom: 10px;margin-top:20px;\"><i class=\"fas fa-cogs fa-2x\"><\/i><\/div>\n\n\n\n<div class=\"wp-block-uagb-advanced-heading uagb-block-58107e58\"><h4 class=\"uagb-heading-text\">Otimiza\u00e7\u00e3o<\/h4><div class=\"uagb-separator-wrap\"><div class=\"uagb-separator\"><\/div><\/div><p class=\"uagb-desc-text\">O desenho de processos alinhados com as necessidades da organiza\u00e7\u00e3o permite reduzir o desperd\u00edcio e remover pontos de estrangulamento.<\/p><\/div>\n\n<\/div><\/div><\/div>\n\n<div class=\"gb-grid-column gb-grid-column-1c75618b\"><div class=\"gb-container gb-container-1c75618b\"><div class=\"gb-inside-container\">\n\n<div style=\"margin-bottom: 10px;margin-top:20px;\"><i class=\"fas fa-retweet fa-2x\"><\/i><\/div>\n\n\n\n<div class=\"wp-block-uagb-advanced-heading uagb-block-7237b950\"><h4 class=\"uagb-heading-text\">Adapta\u00e7\u00e3o<\/h4><div class=\"uagb-separator-wrap\"><div class=\"uagb-separator\"><\/div><\/div><p class=\"uagb-desc-text\">Existe um alinhamento com as necessidades do mercado ao acompanhar e implementar a evolu\u00e7\u00e3o das melhores pr\u00e1ticas na organiza\u00e7\u00e3o.<\/p><\/div>\n\n<\/div><\/div><\/div>\n\n<div class=\"gb-grid-column gb-grid-column-2f867e86\"><div class=\"gb-container gb-container-2f867e86\"><div class=\"gb-inside-container\">\n\n<div style=\"margin-bottom: 10px;margin-top:20px;\"><i class=\"fas fa-running fa-3x\"><\/i><\/div>\n\n\n\n<div class=\"wp-block-uagb-advanced-heading uagb-block-d4f6e42a\"><h4 class=\"uagb-heading-text\">Vantagem Competitiva<\/h4><div class=\"uagb-separator-wrap\"><div class=\"uagb-separator\"><\/div><\/div><p class=\"uagb-desc-text\">Estar apto nas quest\u00f5es de gest\u00e3o da qualidade e da seguran\u00e7a da informa\u00e7\u00e3o e privacidade nos processos de due diligence facilita a concretiza\u00e7\u00e3o de mais e novos neg\u00f3cios.<\/p><\/div>\n\n<\/div><\/div><\/div>\n<\/div>\n\n<div class=\"gb-grid-wrapper gb-grid-wrapper-46b137b8\">\n<div class=\"gb-grid-column gb-grid-column-414d3343\"><div class=\"gb-container gb-container-414d3343\"><div class=\"gb-inside-container\">\n<div class=\"gb-button-wrapper gb-button-wrapper-e3e20cd6\">\n\n<a class=\"gb-button gb-button-3e46e76c\" href=\"https:\/\/www.quasinfalivel.pt\/test\/contatos\/\"><span class=\"gb-button-text\">IMPLEMENTE NA SUA ORGANIZA\u00c7\u00c3O<\/span><span class=\"gb-icon\"><svg aria-hidden=\"true\" height=\"1em\" width=\"1em\" viewBox=\"0 0 256 512\" xmlns=\"http:\/\/www.w3.org\/2000\/svg\"><path fill=\"currentColor\" d=\"M224.3 273l-136 136c-9.4 9.4-24.6 9.4-33.9 0l-22.6-22.6c-9.4-9.4-9.4-24.6 0-33.9l96.4-96.4-96.4-96.4c-9.4-9.4-9.4-24.6 0-33.9L54.3 103c9.4-9.4 24.6-9.4 33.9 0l136 136c9.5 9.4 9.5 24.6.1 34z\"><\/path><\/svg><\/span><\/a>\n\n<\/div>\n<\/div><\/div><\/div>\n<\/div>\n<\/div><\/div>\n\n<div class=\"gb-container gb-container-e424b801\"><div class=\"gb-inside-container\">\n<div class=\"gb-grid-wrapper gb-grid-wrapper-60c61fbd\">\n<div class=\"gb-grid-column gb-grid-column-07f3605c\"><div class=\"gb-container gb-container-07f3605c\"><div class=\"gb-inside-container\"><\/div><\/div><\/div>\n\n<div class=\"gb-grid-column gb-grid-column-a2938dea\"><div class=\"gb-container gb-container-a2938dea\"><div class=\"gb-inside-container\"><\/div><\/div><\/div>\n\n<div class=\"gb-grid-column gb-grid-column-96021fd3\"><div class=\"gb-container gb-container-96021fd3\"><div class=\"gb-inside-container\"><\/div><\/div><\/div>\n<\/div>\n\n<div class=\"gb-grid-wrapper gb-grid-wrapper-5a5e5026\">\n<div class=\"gb-grid-column gb-grid-column-6b9c5f7a\"><div class=\"gb-container gb-container-6b9c5f7a\"><div class=\"gb-inside-container\">\n\n<p class=\"has-medium-font-size\">Podemos ajud\u00e1-lo no processo de conformidade da sua organiza\u00e7\u00e3o. <\/p>\n\n<\/div><\/div><\/div>\n\n<div class=\"gb-grid-column gb-grid-column-b18258fe\"><div class=\"gb-container gb-container-b18258fe\"><div class=\"gb-inside-container\">\n\n<h3 class=\"gb-headline gb-headline-94b7f229 gb-headline-text\">Os nossos servi\u00e7os incluem<\/h3>\n\n\n\n<ul><li><strong><strong>An\u00e1lise das recomenda\u00e7\u00f5es<\/strong><\/strong>\u00a0dos clientes nos processos de <strong><strong>due diligence<\/strong><\/strong><\/li><li><strong><strong>Apoio no processo de diagn\u00f3stico inicial<\/strong><\/strong> no cumprimento das obriga\u00e7\u00f5es legais no \u00e2mbito da seguran\u00e7a da informa\u00e7\u00e3o e privacidade (<em>Onde estamos?<\/em>)<\/li><li>Elabora\u00e7\u00e3o de\u00a0<strong><strong>planos de resposta<\/strong><\/strong>\u00a0\u00e0s constata\u00e7\u00f5es dos diagn\u00f3sticos<\/li><li><strong><strong>Consultoria e apoio \u00e0 implementa\u00e7\u00e3o<\/strong><\/strong><\/li><li><strong><strong>Recolha de evid\u00eancias<\/strong><\/strong>\u00a0de implementa\u00e7\u00e3o das a\u00e7\u00f5es definidas<\/li><li>Apoio na\u00a0<strong><strong>realiza\u00e7\u00e3o das reuni\u00f5es<\/strong><\/strong>\u00a0de due diligence<\/li><\/ul>\n\n<\/div><\/div><\/div>\n<\/div>\n\n<div class=\"gb-container gb-container-69c0561e\"><div class=\"gb-inside-container\">\n<div class=\"gb-button-wrapper gb-button-wrapper-e171a6dd\">\n\n<a class=\"gb-button gb-button-ff228700\" href=\"https:\/\/www.quasinfalivel.pt\/test\/contatos\/\"><span class=\"gb-button-text\">Pe\u00e7a uma proposta<\/span><span class=\"gb-icon\"><svg aria-hidden=\"true\" height=\"1em\" width=\"1em\" viewBox=\"0 0 512 512\" xmlns=\"http:\/\/www.w3.org\/2000\/svg\"><path fill=\"currentColor\" d=\"M440 6.5L24 246.4c-34.4 19.9-31.1 70.8 5.7 85.9L144 379.6V464c0 46.4 59.2 65.5 86.6 28.6l43.8-59.1 111.9 46.2c5.9 2.4 12.1 3.6 18.3 3.6 8.2 0 16.3-2.1 23.6-6.2 12.8-7.2 21.6-20 23.9-34.5l59.4-387.2c6.1-40.1-36.9-68.8-71.5-48.9zM192 464v-64.6l36.6 15.1L192 464zm212.6-28.7l-153.8-63.5L391 169.5c10.7-15.5-9.5-33.5-23.7-21.2L155.8 332.6 48 288 464 48l-59.4 387.3z\"><\/path><\/svg><\/span><\/a>\n\n<\/div>\n<\/div><\/div>\n<\/div><\/div>\n\n<div class=\"gb-container gb-container-fd213bdd\"><div class=\"gb-inside-container\"><\/div><\/div>","protected":false},"excerpt":{"rendered":"<p>Porque devo garantir a conformidade na minha organiza\u00e7\u00e3o?<\/p>\n","protected":false},"author":31,"featured_media":0,"parent":18050,"menu_order":0,"comment_status":"closed","ping_status":"closed","template":"","meta":{"_uag_custom_page_level_css":"","_mi_skip_tracking":false},"yoast_head":"<!-- This site is optimized with the Yoast SEO plugin v19.13 - https:\/\/yoast.com\/wordpress\/plugins\/seo\/ -->\n<title>Projetos de Compliance - Quasinfal\u00edvel<\/title>\n<meta name=\"description\" content=\"As organiza\u00e7\u00f5es devem determinar quais s\u00e3o os fatores relevantes para o seu neg\u00f3cio, quer ao n\u00edvel interno quer ao n\u00edvel externo.\" \/>\n<meta name=\"robots\" content=\"index, follow, max-snippet:-1, max-image-preview:large, max-video-preview:-1\" \/>\n<link rel=\"canonical\" href=\"https:\/\/www.quasinfalivel.pt\/test\/servicos\/projetos-de-compliance\/\" \/>\n<meta property=\"og:locale\" content=\"pt_PT\" \/>\n<meta property=\"og:type\" content=\"article\" \/>\n<meta property=\"og:title\" content=\"Projetos de Compliance - Quasinfal\u00edvel\" \/>\n<meta property=\"og:description\" content=\"A certifica\u00e7\u00e3o, ou acredita\u00e7\u00e3o, \u00e9 um sinal inequ\u00edvoco de uma organiza\u00e7\u00e3o de um compromisso com as melhores pr\u00e1ticas numa determinada \u00e1rea.\" \/>\n<meta property=\"og:url\" content=\"https:\/\/www.quasinfalivel.pt\/test\/servicos\/projetos-de-compliance\/\" \/>\n<meta property=\"og:site_name\" content=\"Quasinfal\u00edvel\" \/>\n<meta property=\"article:publisher\" content=\"https:\/\/www.facebook.com\/Quasinfalivel-Unipessoal-Lda-442428829209221\" \/>\n<meta property=\"article:modified_time\" content=\"2022-03-21T13:46:06+00:00\" \/>\n<meta property=\"og:image\" content=\"https:\/\/www.quasinfalivel.pt\/test\/wp-content\/uploads\/2021\/01\/pexels-sora-shimazaki-5673488_smaller.jpg\" \/>\n\t<meta property=\"og:image:width\" content=\"2000\" \/>\n\t<meta property=\"og:image:height\" content=\"1333\" \/>\n\t<meta property=\"og:image:type\" content=\"image\/jpeg\" \/>\n<meta name=\"twitter:card\" content=\"summary_large_image\" \/>\n<meta name=\"twitter:title\" content=\"Projetos de Compliance - Quasinfal\u00edvel\" \/>\n<meta name=\"twitter:description\" content=\"A certifica\u00e7\u00e3o, ou acredita\u00e7\u00e3o, \u00e9 um sinal inequ\u00edvoco de uma organiza\u00e7\u00e3o de um compromisso com as melhores pr\u00e1ticas numa determinada \u00e1rea.\" \/>\n<meta name=\"twitter:image\" content=\"https:\/\/www.quasinfalivel.pt\/test\/wp-content\/uploads\/2021\/01\/pexels-sora-shimazaki-5673488_smaller.jpg\" \/>\n<meta name=\"twitter:label1\" content=\"Tempo estimado de leitura\" \/>\n\t<meta name=\"twitter:data1\" content=\"2 minutos\" \/>\n<script type=\"application\/ld+json\" class=\"yoast-schema-graph\">{\"@context\":\"https:\/\/schema.org\",\"@graph\":[{\"@type\":\"WebPage\",\"@id\":\"https:\/\/www.quasinfalivel.pt\/test\/servicos\/projetos-de-compliance\/\",\"url\":\"https:\/\/www.quasinfalivel.pt\/test\/servicos\/projetos-de-compliance\/\",\"name\":\"Projetos de Compliance - Quasinfal\u00edvel\",\"isPartOf\":{\"@id\":\"https:\/\/www.quasinfalivel.pt\/test\/#website\"},\"datePublished\":\"2022-03-21T13:46:05+00:00\",\"dateModified\":\"2022-03-21T13:46:06+00:00\",\"description\":\"As organiza\u00e7\u00f5es devem determinar quais s\u00e3o os fatores relevantes para o seu neg\u00f3cio, quer ao n\u00edvel interno quer ao n\u00edvel externo.\",\"breadcrumb\":{\"@id\":\"https:\/\/www.quasinfalivel.pt\/test\/servicos\/projetos-de-compliance\/#breadcrumb\"},\"inLanguage\":\"pt-PT\",\"potentialAction\":[{\"@type\":\"ReadAction\",\"target\":[\"https:\/\/www.quasinfalivel.pt\/test\/servicos\/projetos-de-compliance\/\"]}]},{\"@type\":\"BreadcrumbList\",\"@id\":\"https:\/\/www.quasinfalivel.pt\/test\/servicos\/projetos-de-compliance\/#breadcrumb\",\"itemListElement\":[{\"@type\":\"ListItem\",\"position\":1,\"name\":\"In\u00edcio\",\"item\":\"https:\/\/www.quasinfalivel.pt\/test\/\"},{\"@type\":\"ListItem\",\"position\":2,\"name\":\"Servi\u00e7os\",\"item\":\"https:\/\/www.quasinfalivel.pt\/test\/servicos\/\"},{\"@type\":\"ListItem\",\"position\":3,\"name\":\"Projetos de Compliance\"}]},{\"@type\":\"WebSite\",\"@id\":\"https:\/\/www.quasinfalivel.pt\/test\/#website\",\"url\":\"https:\/\/www.quasinfalivel.pt\/test\/\",\"name\":\"Quasinfal\u00edvel\",\"description\":\"Empresa de consultoria, auditoria, e forma\u00e7\u00e3o em \u00e1reas como CMMI, Agile, BPM, ISO 9001 e ISO 27001.\",\"publisher\":{\"@id\":\"https:\/\/www.quasinfalivel.pt\/test\/#organization\"},\"potentialAction\":[{\"@type\":\"SearchAction\",\"target\":{\"@type\":\"EntryPoint\",\"urlTemplate\":\"https:\/\/www.quasinfalivel.pt\/test\/?s={search_term_string}\"},\"query-input\":\"required name=search_term_string\"}],\"inLanguage\":\"pt-PT\"},{\"@type\":\"Organization\",\"@id\":\"https:\/\/www.quasinfalivel.pt\/test\/#organization\",\"name\":\"Quasinfal\u00edvel\",\"url\":\"https:\/\/www.quasinfalivel.pt\/test\/\",\"logo\":{\"@type\":\"ImageObject\",\"inLanguage\":\"pt-PT\",\"@id\":\"https:\/\/www.quasinfalivel.pt\/test\/#\/schema\/logo\/image\/\",\"url\":\"https:\/\/www.quasinfalivel.pt\/test\/wp-content\/uploads\/2020\/10\/logo-quasinfalivel-600x450-1.png\",\"contentUrl\":\"https:\/\/www.quasinfalivel.pt\/test\/wp-content\/uploads\/2020\/10\/logo-quasinfalivel-600x450-1.png\",\"width\":600,\"height\":451,\"caption\":\"Quasinfal\u00edvel\"},\"image\":{\"@id\":\"https:\/\/www.quasinfalivel.pt\/test\/#\/schema\/logo\/image\/\"},\"sameAs\":[\"https:\/\/www.linkedin.com\/company\/quasinfal\u00edvel-unipessoal-lda\",\"https:\/\/www.facebook.com\/Quasinfalivel-Unipessoal-Lda-442428829209221\"]}]}<\/script>\n<!-- \/ Yoast SEO plugin. -->","yoast_head_json":{"title":"Projetos de Compliance - Quasinfal\u00edvel","description":"As organiza\u00e7\u00f5es devem determinar quais s\u00e3o os fatores relevantes para o seu neg\u00f3cio, quer ao n\u00edvel interno quer ao n\u00edvel externo.","robots":{"index":"index","follow":"follow","max-snippet":"max-snippet:-1","max-image-preview":"max-image-preview:large","max-video-preview":"max-video-preview:-1"},"canonical":"https:\/\/www.quasinfalivel.pt\/test\/servicos\/projetos-de-compliance\/","og_locale":"pt_PT","og_type":"article","og_title":"Projetos de Compliance - Quasinfal\u00edvel","og_description":"A certifica\u00e7\u00e3o, ou acredita\u00e7\u00e3o, \u00e9 um sinal inequ\u00edvoco de uma organiza\u00e7\u00e3o de um compromisso com as melhores pr\u00e1ticas numa determinada \u00e1rea.","og_url":"https:\/\/www.quasinfalivel.pt\/test\/servicos\/projetos-de-compliance\/","og_site_name":"Quasinfal\u00edvel","article_publisher":"https:\/\/www.facebook.com\/Quasinfalivel-Unipessoal-Lda-442428829209221","article_modified_time":"2022-03-21T13:46:06+00:00","og_image":[{"width":2000,"height":1333,"url":"https:\/\/www.quasinfalivel.pt\/test\/wp-content\/uploads\/2021\/01\/pexels-sora-shimazaki-5673488_smaller.jpg","type":"image\/jpeg"}],"twitter_card":"summary_large_image","twitter_title":"Projetos de Compliance - Quasinfal\u00edvel","twitter_description":"A certifica\u00e7\u00e3o, ou acredita\u00e7\u00e3o, \u00e9 um sinal inequ\u00edvoco de uma organiza\u00e7\u00e3o de um compromisso com as melhores pr\u00e1ticas numa determinada \u00e1rea.","twitter_image":"https:\/\/www.quasinfalivel.pt\/test\/wp-content\/uploads\/2021\/01\/pexels-sora-shimazaki-5673488_smaller.jpg","twitter_misc":{"Tempo estimado de leitura":"2 minutos"},"schema":{"@context":"https:\/\/schema.org","@graph":[{"@type":"WebPage","@id":"https:\/\/www.quasinfalivel.pt\/test\/servicos\/projetos-de-compliance\/","url":"https:\/\/www.quasinfalivel.pt\/test\/servicos\/projetos-de-compliance\/","name":"Projetos de Compliance - Quasinfal\u00edvel","isPartOf":{"@id":"https:\/\/www.quasinfalivel.pt\/test\/#website"},"datePublished":"2022-03-21T13:46:05+00:00","dateModified":"2022-03-21T13:46:06+00:00","description":"As organiza\u00e7\u00f5es devem determinar quais s\u00e3o os fatores relevantes para o seu neg\u00f3cio, quer ao n\u00edvel interno quer ao n\u00edvel externo.","breadcrumb":{"@id":"https:\/\/www.quasinfalivel.pt\/test\/servicos\/projetos-de-compliance\/#breadcrumb"},"inLanguage":"pt-PT","potentialAction":[{"@type":"ReadAction","target":["https:\/\/www.quasinfalivel.pt\/test\/servicos\/projetos-de-compliance\/"]}]},{"@type":"BreadcrumbList","@id":"https:\/\/www.quasinfalivel.pt\/test\/servicos\/projetos-de-compliance\/#breadcrumb","itemListElement":[{"@type":"ListItem","position":1,"name":"In\u00edcio","item":"https:\/\/www.quasinfalivel.pt\/test\/"},{"@type":"ListItem","position":2,"name":"Servi\u00e7os","item":"https:\/\/www.quasinfalivel.pt\/test\/servicos\/"},{"@type":"ListItem","position":3,"name":"Projetos de Compliance"}]},{"@type":"WebSite","@id":"https:\/\/www.quasinfalivel.pt\/test\/#website","url":"https:\/\/www.quasinfalivel.pt\/test\/","name":"Quasinfal\u00edvel","description":"Empresa de consultoria, auditoria, e forma\u00e7\u00e3o em \u00e1reas como CMMI, Agile, BPM, ISO 9001 e ISO 27001.","publisher":{"@id":"https:\/\/www.quasinfalivel.pt\/test\/#organization"},"potentialAction":[{"@type":"SearchAction","target":{"@type":"EntryPoint","urlTemplate":"https:\/\/www.quasinfalivel.pt\/test\/?s={search_term_string}"},"query-input":"required name=search_term_string"}],"inLanguage":"pt-PT"},{"@type":"Organization","@id":"https:\/\/www.quasinfalivel.pt\/test\/#organization","name":"Quasinfal\u00edvel","url":"https:\/\/www.quasinfalivel.pt\/test\/","logo":{"@type":"ImageObject","inLanguage":"pt-PT","@id":"https:\/\/www.quasinfalivel.pt\/test\/#\/schema\/logo\/image\/","url":"https:\/\/www.quasinfalivel.pt\/test\/wp-content\/uploads\/2020\/10\/logo-quasinfalivel-600x450-1.png","contentUrl":"https:\/\/www.quasinfalivel.pt\/test\/wp-content\/uploads\/2020\/10\/logo-quasinfalivel-600x450-1.png","width":600,"height":451,"caption":"Quasinfal\u00edvel"},"image":{"@id":"https:\/\/www.quasinfalivel.pt\/test\/#\/schema\/logo\/image\/"},"sameAs":["https:\/\/www.linkedin.com\/company\/quasinfal\u00edvel-unipessoal-lda","https:\/\/www.facebook.com\/Quasinfalivel-Unipessoal-Lda-442428829209221"]}]}},"uagb_featured_image_src":{"full":false,"thumbnail":false,"medium":false,"medium_large":false,"large":false,"1536x1536":false,"2048x2048":false},"uagb_author_info":{"display_name":"Bruno Santos","author_link":"https:\/\/www.quasinfalivel.pt\/test\/author\/bruno-santos\/"},"uagb_comment_info":0,"uagb_excerpt":"Porque devo garantir a conformidade na minha organiza\u00e7\u00e3o?","_links":{"self":[{"href":"https:\/\/www.quasinfalivel.pt\/test\/wp-json\/wp\/v2\/pages\/20288"}],"collection":[{"href":"https:\/\/www.quasinfalivel.pt\/test\/wp-json\/wp\/v2\/pages"}],"about":[{"href":"https:\/\/www.quasinfalivel.pt\/test\/wp-json\/wp\/v2\/types\/page"}],"author":[{"embeddable":true,"href":"https:\/\/www.quasinfalivel.pt\/test\/wp-json\/wp\/v2\/users\/31"}],"replies":[{"embeddable":true,"href":"https:\/\/www.quasinfalivel.pt\/test\/wp-json\/wp\/v2\/comments?post=20288"}],"version-history":[{"count":1,"href":"https:\/\/www.quasinfalivel.pt\/test\/wp-json\/wp\/v2\/pages\/20288\/revisions"}],"predecessor-version":[{"id":20290,"href":"https:\/\/www.quasinfalivel.pt\/test\/wp-json\/wp\/v2\/pages\/20288\/revisions\/20290"}],"up":[{"embeddable":true,"href":"https:\/\/www.quasinfalivel.pt\/test\/wp-json\/wp\/v2\/pages\/18050"}],"wp:attachment":[{"href":"https:\/\/www.quasinfalivel.pt\/test\/wp-json\/wp\/v2\/media?parent=20288"}],"curies":[{"name":"wp","href":"https:\/\/api.w.org\/{rel}","templated":true}]}}