{"id":18970,"date":"2021-01-23T12:14:39","date_gmt":"2021-01-23T12:14:39","guid":{"rendered":"https:\/\/www.quasinfalivel.pt\/test\/?page_id=18970"},"modified":"2021-08-09T16:57:17","modified_gmt":"2021-08-09T16:57:17","slug":"formacao","status":"publish","type":"page","link":"https:\/\/www.quasinfalivel.pt\/test\/servicos\/formacao\/","title":{"rendered":"Forma\u00e7\u00e3o"},"content":{"rendered":"<div class=\"gb-container gb-container-64243176\"><div class=\"gb-inside-container\">\n<div class=\"gb-grid-wrapper gb-grid-wrapper-77f4123c\">\n<div class=\"gb-grid-column gb-grid-column-a0e212db\"><div class=\"gb-container gb-container-a0e212db\"><div class=\"gb-inside-container\">\n\n<p>O <strong>conhecimento <\/strong>\u00e9 um recurso importante em qualquer organiza\u00e7\u00e3o. Por isso, num mundo em constante mudan\u00e7a a <strong>forma\u00e7\u00e3o <\/strong>\u00e9 um <strong>investimento essencial <\/strong>para aumentar a competitividade das organiza\u00e7\u00f5es.<\/p>\n\n\n\n<p>Qualquer que seja a dire\u00e7\u00e3o que a sua organiza\u00e7\u00e3o queira tomar para atingir os objetivos, n\u00f3s garantimos: <strong>a forma\u00e7\u00e3o \u00e9 o primeiro passo<\/strong>!<\/p>\n\n\n\n<p>Na Quasinfal\u00edvel, oferecemos forma\u00e7\u00e3o em todas as nossas \u00e1reas de atua\u00e7\u00e3o, quer atrav\u00e9s de servi\u00e7os pr\u00f3prios, quer atrav\u00e9s dos parceiros.<\/p>\n\n\n<div class=\"gb-button-wrapper gb-button-wrapper-fcf25917\">\n\n<a class=\"gb-button gb-button-9aa4a96f\" href=\"https:\/\/www.quasinfalivel.pt\/test\/contatos\/\"><span class=\"gb-button-text\">Saiba Mais Sobre A NOSSA OFERTA FORMATIVA<\/span><span class=\"gb-icon\"><svg xmlns=\"http:\/\/www.w3.org\/2000\/svg\" viewBox=\"0 0 256 512\" width=\"1em\" height=\"1em\" aria-hidden=\"true\"><path d=\"M224.3 273l-136 136c-9.4 9.4-24.6 9.4-33.9 0l-22.6-22.6c-9.4-9.4-9.4-24.6 0-33.9l96.4-96.4-96.4-96.4c-9.4-9.4-9.4-24.6 0-33.9L54.3 103c9.4-9.4 24.6-9.4 33.9 0l136 136c9.5 9.4 9.5 24.6.1 34z\" fill=\"currentColor\"><\/path><\/svg><\/span><\/a>\n\n<\/div>\n<\/div><\/div><\/div>\n\n<div class=\"gb-grid-column gb-grid-column-49594e8f\"><div class=\"gb-container gb-container-49594e8f\"><div class=\"gb-inside-container\">\n\n<figure class=\"wp-block-image size-large\"><img decoding=\"async\" loading=\"lazy\" width=\"1024\" height=\"682\" src=\"https:\/\/www.quasinfalivel.pt\/test\/wp-content\/uploads\/2021\/01\/pexels-anna-shvets-4226140_smaller-1024x682.jpg\" alt=\"\" class=\"wp-image-19345\" srcset=\"https:\/\/www.quasinfalivel.pt\/test\/wp-content\/uploads\/2021\/01\/pexels-anna-shvets-4226140_smaller-1024x682.jpg 1024w, https:\/\/www.quasinfalivel.pt\/test\/wp-content\/uploads\/2021\/01\/pexels-anna-shvets-4226140_smaller-300x200.jpg 300w, https:\/\/www.quasinfalivel.pt\/test\/wp-content\/uploads\/2021\/01\/pexels-anna-shvets-4226140_smaller-768x512.jpg 768w, https:\/\/www.quasinfalivel.pt\/test\/wp-content\/uploads\/2021\/01\/pexels-anna-shvets-4226140_smaller-1536x1024.jpg 1536w, https:\/\/www.quasinfalivel.pt\/test\/wp-content\/uploads\/2021\/01\/pexels-anna-shvets-4226140_smaller.jpg 2000w\" sizes=\"(max-width: 1024px) 100vw, 1024px\" \/><\/figure>\n\n<\/div><\/div><\/div>\n<\/div>\n<\/div><\/div>\n\n<div class=\"gb-container gb-container-ad3ff6de\"><div class=\"gb-inside-container\"><\/div><\/div>\n\n<div class=\"gb-container gb-container-1419bdf9\"><div class=\"gb-inside-container\">\n\n<h2 class=\"gb-headline gb-headline-44853b49 gb-headline-text\">Porqu\u00ea fazer forma\u00e7\u00e3o na Quasinfal\u00edvel?<\/h2>\n\n\n\n<p>Conhe\u00e7a as vantagens de fazer forma\u00e7\u00e3o connosco.<\/p>\n\n\n<div class=\"gb-grid-wrapper gb-grid-wrapper-71f41f21\">\n<div class=\"gb-grid-column gb-grid-column-1c75618b\"><div class=\"gb-container gb-container-1c75618b\"><div class=\"gb-inside-container\">\n\n<div style=\"margin-bottom: 10px;margin-top:20px;\"><i class=\"fas fa-running fa-2x\"><\/i><\/div>\n\n\n\n<div class=\"wp-block-uagb-advanced-heading uagb-block-ea48da09\"><h4 class=\"uagb-heading-text\">Vantagem Competitiva<\/h4><div class=\"uagb-separator-wrap\"><div class=\"uagb-separator\"><\/div><\/div><p class=\"uagb-desc-text\">A nossa oferta formativa abrange \u00e1reas relevantes que permitir\u00e3o melhorar os resultados da sua organiza\u00e7\u00e3o.<\/p><\/div>\n\n<\/div><\/div><\/div>\n\n<div class=\"gb-grid-column gb-grid-column-043a967e\"><div class=\"gb-container gb-container-043a967e\"><div class=\"gb-inside-container\">\n\n<div style=\"margin-bottom: 10px;margin-top:20px;\"><i class=\"fas fa-user-tie fa-2x\"><\/i><\/div>\n\n\n\n<div class=\"wp-block-uagb-advanced-heading uagb-block-fc6739f5\"><h4 class=\"uagb-heading-text\">Parceiros Especialistas<\/h4><div class=\"uagb-separator-wrap\"><div class=\"uagb-separator\"><\/div><\/div><p class=\"uagb-desc-text\">Trabalhamos com parceiros para oferecer forma\u00e7\u00e3o em todas as nossas \u00e1reas de atua\u00e7\u00e3o.<\/p><\/div>\n\n<\/div><\/div><\/div>\n\n<div class=\"gb-grid-column gb-grid-column-0e73392c\"><div class=\"gb-container gb-container-0e73392c\"><div class=\"gb-inside-container\">\n\n<div style=\"margin-bottom: 10px;margin-top:20px;\"><i class=\"fas fa-retweet fa-2x\"><\/i><\/div>\n\n\n\n<div class=\"wp-block-uagb-advanced-heading uagb-block-8d1e5d63\"><h4 class=\"uagb-heading-text\">Adapta\u00e7\u00e3o<\/h4><div class=\"uagb-separator-wrap\"><div class=\"uagb-separator\"><\/div><\/div><p class=\"uagb-desc-text\">Adaptamos a nossa oferta formativa \u00e0s necessidades da sua organiza\u00e7\u00e3o.<\/p><\/div>\n\n<\/div><\/div><\/div>\n\n<div class=\"gb-grid-column gb-grid-column-a54eaddb\"><div class=\"gb-container gb-container-a54eaddb\"><div class=\"gb-inside-container\">\n\n<div style=\"margin-bottom: 10px;margin-top:20px;\"><i class=\"fas fa-tools fa-2x\"><\/i><\/div>\n\n\n\n<div class=\"wp-block-uagb-advanced-heading uagb-block-bb5118a3\"><h4 class=\"uagb-heading-text\">Cursos Pr\u00e1ticos<\/h4><div class=\"uagb-separator-wrap\"><div class=\"uagb-separator\"><\/div><\/div><p class=\"uagb-desc-text\">As nossas forma\u00e7\u00f5es t\u00eam uma componente pr\u00e1tica para uma melhor aprendizagem.<\/p><\/div>\n\n<\/div><\/div><\/div>\n\n<div class=\"gb-grid-column gb-grid-column-8937483d\"><div class=\"gb-container gb-container-8937483d\"><div class=\"gb-inside-container\">\n\n<div style=\"margin-bottom: 10px;margin-top:20px;\"><i class=\"fas fa-chalkboard-teacher fa-2x\"><\/i><\/div>\n\n\n\n<div class=\"wp-block-uagb-advanced-heading uagb-block-5d399dc7\"><h4 class=\"uagb-heading-text\">E-Learning<\/h4><div class=\"uagb-separator-wrap\"><div class=\"uagb-separator\"><\/div><\/div><p class=\"uagb-desc-text\">Oferecemos a possibilidade de realizar forma\u00e7\u00e3o \u00e0 dist\u00e2ncia, recorrendo a tecnologias de refer\u00eancia.<\/p><\/div>\n\n<\/div><\/div><\/div>\n\n<div class=\"gb-grid-column gb-grid-column-a0b37828\"><div class=\"gb-container gb-container-a0b37828\"><div class=\"gb-inside-container\">\n\n<div style=\"margin-bottom: 10px;margin-top:20px;\"><i class=\"fas fa-user-tie fa-2x\"><\/i><\/div>\n\n\n\n<div class=\"wp-block-uagb-advanced-heading uagb-block-803c7a64\"><h4 class=\"uagb-heading-text\">Profissionais Certificados e Experientes<\/h4><div class=\"uagb-separator-wrap\"><div class=\"uagb-separator\"><\/div><\/div><p class=\"uagb-desc-text\">Temos profissionais com Certificado de Compet\u00eancias Pedag\u00f3gicas (CCP) para dar forma\u00e7\u00f5es gen\u00e9ricas e espec\u00edficas em metodologias de gest\u00e3o de projetos. Temos tamb\u00e9m profissionais com experi\u00eancia na ind\u00fastria e em investiga\u00e7\u00e3o.<\/p><\/div>\n\n<\/div><\/div><\/div>\n<\/div>\n\n<div class=\"gb-grid-wrapper gb-grid-wrapper-46b137b8\">\n<div class=\"gb-grid-column gb-grid-column-414d3343\"><div class=\"gb-container gb-container-414d3343\"><div class=\"gb-inside-container\">\n<div class=\"gb-button-wrapper gb-button-wrapper-e3e20cd6\">\n\n<a class=\"gb-button gb-button-3e46e76c\" href=\"https:\/\/www.quasinfalivel.pt\/test\/contatos\/\"><span class=\"gb-button-text\">IMPLEMENTE NA SUA ORGANIZA\u00c7\u00c3O<\/span><span class=\"gb-icon\"><svg xmlns=\"http:\/\/www.w3.org\/2000\/svg\" viewBox=\"0 0 256 512\" width=\"1em\" height=\"1em\" aria-hidden=\"true\"><path d=\"M224.3 273l-136 136c-9.4 9.4-24.6 9.4-33.9 0l-22.6-22.6c-9.4-9.4-9.4-24.6 0-33.9l96.4-96.4-96.4-96.4c-9.4-9.4-9.4-24.6 0-33.9L54.3 103c9.4-9.4 24.6-9.4 33.9 0l136 136c9.5 9.4 9.5 24.6.1 34z\" fill=\"currentColor\"><\/path><\/svg><\/span><\/a>\n\n<\/div>\n<\/div><\/div><\/div>\n<\/div>\n<\/div><\/div>\n\n<div class=\"gb-container gb-container-e424b801\"><div class=\"gb-inside-container\">\n<div class=\"gb-grid-wrapper gb-grid-wrapper-5a5e5026\">\n<div class=\"gb-grid-column gb-grid-column-6b9c5f7a\"><div class=\"gb-container gb-container-6b9c5f7a\"><div class=\"gb-inside-container\">\n\n<p class=\"has-medium-font-size\">N\u00e3o espere mais para ampliar os seus conhecimentos e compet\u00eancias!<\/p>\n\n\n\n<p>Fale connosco e encontraremos a solu\u00e7\u00e3o ideal para a sua organiza\u00e7\u00e3o.<\/p>\n\n<\/div><\/div><\/div>\n\n<div class=\"gb-grid-column gb-grid-column-b18258fe\"><div class=\"gb-container gb-container-b18258fe\"><div class=\"gb-inside-container\">\n\n<h3 class=\"gb-headline gb-headline-94b7f229 gb-headline-text\">Conhe\u00e7a algumas das forma\u00e7\u00f5es que oferecemos:<\/h3>\n\n\n\n<ul><li><strong>Inicia\u00e7\u00e3o \u00e0 Gest\u00e3o de Projetos<\/strong>.<\/li><li><strong>Lideran\u00e7a \u00e1gil <\/strong>(em colabora\u00e7\u00e3o com o <a href=\"https:\/\/tecnicomais.pt\/curso-de-especializacao\/agile-leadership\" target=\"_blank\" rel=\"noreferrer noopener\"><strong>T\u00e9cnico+<\/strong><\/a>).<\/li><li><em><strong>Skills Acceleration in Agile<\/strong><\/em> em colabora\u00e7\u00e3o com o <a href=\"https:\/\/www.inov.pt\/index.html\" target=\"_blank\" rel=\"noreferrer noopener\"><strong>INOV Inesc Inova\u00e7\u00e3o<\/strong><\/a>.<\/li><li>Ponte com a <strong><a href=\"https:\/\/www.adventureswithagile.com\/\" target=\"_blank\" rel=\"noreferrer noopener\"><em>Adventures with Agile<\/em><\/a> <\/strong>para forma\u00e7\u00f5es presenciais em Portugal.<\/li><li>Ponte com a <strong><a href=\"https:\/\/proqua.es\/\" target=\"_blank\" rel=\"noreferrer noopener\">Proqua<\/a><\/strong> para forma\u00e7\u00f5es em CMMI.<\/li><\/ul>\n\n<\/div><\/div><\/div>\n<\/div>\n\n<div class=\"gb-container gb-container-69c0561e\"><div class=\"gb-inside-container\">\n<div class=\"gb-button-wrapper gb-button-wrapper-e171a6dd\">\n\n<a class=\"gb-button gb-button-ff228700\" href=\"https:\/\/www.quasinfalivel.pt\/test\/contatos\/\"><span class=\"gb-button-text\">Pe\u00e7a uma proposta<\/span><span class=\"gb-icon\"><svg aria-hidden=\"true\" height=\"1em\" width=\"1em\" viewBox=\"0 0 512 512\" xmlns=\"http:\/\/www.w3.org\/2000\/svg\"><path fill=\"currentColor\" d=\"M440 6.5L24 246.4c-34.4 19.9-31.1 70.8 5.7 85.9L144 379.6V464c0 46.4 59.2 65.5 86.6 28.6l43.8-59.1 111.9 46.2c5.9 2.4 12.1 3.6 18.3 3.6 8.2 0 16.3-2.1 23.6-6.2 12.8-7.2 21.6-20 23.9-34.5l59.4-387.2c6.1-40.1-36.9-68.8-71.5-48.9zM192 464v-64.6l36.6 15.1L192 464zm212.6-28.7l-153.8-63.5L391 169.5c10.7-15.5-9.5-33.5-23.7-21.2L155.8 332.6 48 288 464 48l-59.4 387.3z\"><\/path><\/svg><\/span><\/a>\n\n<\/div>\n<\/div><\/div>\n<\/div><\/div>\n\n<div class=\"gb-container gb-container-fd213bdd\"><div class=\"gb-inside-container\">\n<div class=\"gb-grid-wrapper gb-grid-wrapper-e88a2bc6\">\n<div class=\"gb-grid-column gb-grid-column-f072627c\"><div class=\"gb-container gb-container-f072627c\"><div class=\"gb-inside-container\">\n\n<h3 class=\"gb-headline gb-headline-d1fdb7f1 gb-headline-text\">Fornecemos forma\u00e7\u00e3o em v\u00e1rias \u00e1reas<\/h3>\n\n<\/div><\/div><\/div>\n\n<div class=\"gb-grid-column gb-grid-column-e4096f3b\"><div class=\"gb-container gb-container-e4096f3b\"><div class=\"gb-inside-container\">\n\n<h4 class=\"gb-headline gb-headline-2a3cc675\"><span class=\"gb-icon\"><svg xmlns=\"http:\/\/www.w3.org\/2000\/svg\" viewBox=\"0 0 256 512\" width=\"1em\" height=\"1em\" aria-hidden=\"true\"><path d=\"M224.3 273l-136 136c-9.4 9.4-24.6 9.4-33.9 0l-22.6-22.6c-9.4-9.4-9.4-24.6 0-33.9l96.4-96.4-96.4-96.4c-9.4-9.4-9.4-24.6 0-33.9L54.3 103c9.4-9.4 24.6-9.4 33.9 0l136 136c9.5 9.4 9.5 24.6.1 34z\" fill=\"currentColor\"><\/path><\/svg><\/span><span class=\"gb-headline-text\"><a href=\"https:\/\/www.quasinfalivel.pt\/test\/servicos\/cmmi\/\">CMMI<\/a><\/span><\/h4>\n\n\n\n<h4 class=\"gb-headline gb-headline-0b7eb25a\"><span class=\"gb-icon\"><svg xmlns=\"http:\/\/www.w3.org\/2000\/svg\" viewBox=\"0 0 256 512\" width=\"1em\" height=\"1em\" aria-hidden=\"true\"><path d=\"M224.3 273l-136 136c-9.4 9.4-24.6 9.4-33.9 0l-22.6-22.6c-9.4-9.4-9.4-24.6 0-33.9l96.4-96.4-96.4-96.4c-9.4-9.4-9.4-24.6 0-33.9L54.3 103c9.4-9.4 24.6-9.4 33.9 0l136 136c9.5 9.4 9.5 24.6.1 34z\" fill=\"currentColor\"><\/path><\/svg><\/span><span class=\"gb-headline-text\"><a href=\"https:\/\/www.quasinfalivel.pt\/test\/servicos\/agilidade-para-equipas\/\">Agilidade para Equipas<\/a><\/span><\/h4>\n\n\n\n<h4 class=\"gb-headline gb-headline-945a2aaa\"><span class=\"gb-icon\"><svg xmlns=\"http:\/\/www.w3.org\/2000\/svg\" viewBox=\"0 0 256 512\" width=\"1em\" height=\"1em\" aria-hidden=\"true\"><path d=\"M224.3 273l-136 136c-9.4 9.4-24.6 9.4-33.9 0l-22.6-22.6c-9.4-9.4-9.4-24.6 0-33.9l96.4-96.4-96.4-96.4c-9.4-9.4-9.4-24.6 0-33.9L54.3 103c9.4-9.4 24.6-9.4 33.9 0l136 136c9.5 9.4 9.5 24.6.1 34z\" fill=\"currentColor\"><\/path><\/svg><\/span><span class=\"gb-headline-text\"><a href=\"https:\/\/www.quasinfalivel.pt\/test\/servicos\/agilidade-para-lideres\/\">Agilidade para L\u00edderes<\/a><\/span><\/h4>\n\n\n\n<h4 class=\"gb-headline gb-headline-50d4b0a0\"><span class=\"gb-icon\"><svg xmlns=\"http:\/\/www.w3.org\/2000\/svg\" viewBox=\"0 0 256 512\" width=\"1em\" height=\"1em\" aria-hidden=\"true\"><path d=\"M224.3 273l-136 136c-9.4 9.4-24.6 9.4-33.9 0l-22.6-22.6c-9.4-9.4-9.4-24.6 0-33.9l96.4-96.4-96.4-96.4c-9.4-9.4-9.4-24.6 0-33.9L54.3 103c9.4-9.4 24.6-9.4 33.9 0l136 136c9.5 9.4 9.5 24.6.1 34z\" fill=\"currentColor\"><\/path><\/svg><\/span><span class=\"gb-headline-text\"><a href=\"https:\/\/www.quasinfalivel.pt\/test\/servicos\/melhoria-e-automatizacao-de-processos\/\">Melhoria e Automatiza\u00e7\u00e3o de Processos<\/a><\/span><\/h4>\n\n\n\n<h4 class=\"gb-headline gb-headline-9de80032\"><span class=\"gb-icon\"><svg xmlns=\"http:\/\/www.w3.org\/2000\/svg\" viewBox=\"0 0 256 512\" width=\"1em\" height=\"1em\" aria-hidden=\"true\"><path d=\"M224.3 273l-136 136c-9.4 9.4-24.6 9.4-33.9 0l-22.6-22.6c-9.4-9.4-9.4-24.6 0-33.9l96.4-96.4-96.4-96.4c-9.4-9.4-9.4-24.6 0-33.9L54.3 103c9.4-9.4 24.6-9.4 33.9 0l136 136c9.5 9.4 9.5 24.6.1 34z\" fill=\"currentColor\"><\/path><\/svg><\/span><span class=\"gb-headline-text\"><a href=\"https:\/\/www.quasinfalivel.pt\/test\/servicos\/iso-9001\/\">ISO 9001<\/a><\/span><\/h4>\n\n\n\n<h4 class=\"gb-headline gb-headline-7b3ae4df\"><span class=\"gb-icon\"><svg xmlns=\"http:\/\/www.w3.org\/2000\/svg\" viewBox=\"0 0 256 512\" width=\"1em\" height=\"1em\" aria-hidden=\"true\"><path d=\"M224.3 273l-136 136c-9.4 9.4-24.6 9.4-33.9 0l-22.6-22.6c-9.4-9.4-9.4-24.6 0-33.9l96.4-96.4-96.4-96.4c-9.4-9.4-9.4-24.6 0-33.9L54.3 103c9.4-9.4 24.6-9.4 33.9 0l136 136c9.5 9.4 9.5 24.6.1 34z\" fill=\"currentColor\"><\/path><\/svg><\/span><span class=\"gb-headline-text\"><a href=\"https:\/\/www.quasinfalivel.pt\/test\/servicos\/iso-27001\/\">ISO 27001<\/a><\/span><\/h4>\n\n<\/div><\/div><\/div>\n<\/div>\n<\/div><\/div>\n\n\n<p><\/p>\n","protected":false},"excerpt":{"rendered":"<p>Porqu\u00ea fazer forma\u00e7\u00e3o na Quasinfal\u00edvel? Conhe\u00e7a as vantagens de fazer forma\u00e7\u00e3o connosco.<\/p>\n","protected":false},"author":1,"featured_media":0,"parent":18050,"menu_order":0,"comment_status":"closed","ping_status":"closed","template":"","meta":{"_uag_custom_page_level_css":"","_mi_skip_tracking":false},"yoast_head":"<!-- This site is optimized with the Yoast SEO plugin v19.13 - https:\/\/yoast.com\/wordpress\/plugins\/seo\/ -->\n<title>Forma\u00e7\u00e3o - Quasinfal\u00edvel<\/title>\n<meta name=\"description\" content=\"A forma\u00e7\u00e3o \u00e9 um investimento essencial para o conhecimento e compet\u00eancias das pessoas estarem alinhados com as necessidades do mercado.\" \/>\n<meta name=\"robots\" content=\"index, follow, max-snippet:-1, max-image-preview:large, max-video-preview:-1\" \/>\n<link rel=\"canonical\" href=\"https:\/\/www.quasinfalivel.pt\/test\/servicos\/formacao\/\" \/>\n<meta property=\"og:locale\" content=\"pt_PT\" \/>\n<meta property=\"og:type\" content=\"article\" \/>\n<meta property=\"og:title\" content=\"Forma\u00e7\u00e3o - Quasinfal\u00edvel\" \/>\n<meta property=\"og:description\" content=\"A forma\u00e7\u00e3o \u00e9 um investimento essencial para o conhecimento e compet\u00eancias das pessoas estarem alinhados com as necessidades do mercado.\" \/>\n<meta property=\"og:url\" content=\"https:\/\/www.quasinfalivel.pt\/test\/servicos\/formacao\/\" \/>\n<meta property=\"og:site_name\" content=\"Quasinfal\u00edvel\" \/>\n<meta property=\"article:publisher\" content=\"https:\/\/www.facebook.com\/Quasinfalivel-Unipessoal-Lda-442428829209221\" \/>\n<meta property=\"article:modified_time\" content=\"2021-08-09T16:57:17+00:00\" \/>\n<meta property=\"og:image\" content=\"https:\/\/www.quasinfalivel.pt\/test\/wp-content\/uploads\/2021\/01\/pexels-anna-shvets-4226140_smaller.jpg\" \/>\n\t<meta property=\"og:image:width\" content=\"2000\" \/>\n\t<meta property=\"og:image:height\" content=\"1333\" \/>\n\t<meta property=\"og:image:type\" content=\"image\/jpeg\" \/>\n<meta name=\"twitter:card\" content=\"summary_large_image\" \/>\n<meta name=\"twitter:title\" content=\"Forma\u00e7\u00e3o - Quasinfal\u00edvel\" \/>\n<meta name=\"twitter:description\" content=\"A forma\u00e7\u00e3o \u00e9 um investimento essencial para o conhecimento e compet\u00eancias das pessoas estarem alinhados com as necessidades do mercado.\" \/>\n<meta name=\"twitter:image\" content=\"https:\/\/www.quasinfalivel.pt\/test\/wp-content\/uploads\/2021\/01\/pexels-anna-shvets-4226140_smaller.jpg\" \/>\n<meta name=\"twitter:label1\" content=\"Tempo estimado de leitura\" \/>\n\t<meta name=\"twitter:data1\" content=\"2 minutos\" \/>\n<script type=\"application\/ld+json\" class=\"yoast-schema-graph\">{\"@context\":\"https:\/\/schema.org\",\"@graph\":[{\"@type\":\"WebPage\",\"@id\":\"https:\/\/www.quasinfalivel.pt\/test\/servicos\/formacao\/\",\"url\":\"https:\/\/www.quasinfalivel.pt\/test\/servicos\/formacao\/\",\"name\":\"Forma\u00e7\u00e3o - Quasinfal\u00edvel\",\"isPartOf\":{\"@id\":\"https:\/\/www.quasinfalivel.pt\/test\/#website\"},\"datePublished\":\"2021-01-23T12:14:39+00:00\",\"dateModified\":\"2021-08-09T16:57:17+00:00\",\"description\":\"A forma\u00e7\u00e3o \u00e9 um investimento essencial para o conhecimento e compet\u00eancias das pessoas estarem alinhados com as necessidades do mercado.\",\"breadcrumb\":{\"@id\":\"https:\/\/www.quasinfalivel.pt\/test\/servicos\/formacao\/#breadcrumb\"},\"inLanguage\":\"pt-PT\",\"potentialAction\":[{\"@type\":\"ReadAction\",\"target\":[\"https:\/\/www.quasinfalivel.pt\/test\/servicos\/formacao\/\"]}]},{\"@type\":\"BreadcrumbList\",\"@id\":\"https:\/\/www.quasinfalivel.pt\/test\/servicos\/formacao\/#breadcrumb\",\"itemListElement\":[{\"@type\":\"ListItem\",\"position\":1,\"name\":\"In\u00edcio\",\"item\":\"https:\/\/www.quasinfalivel.pt\/test\/\"},{\"@type\":\"ListItem\",\"position\":2,\"name\":\"Servi\u00e7os\",\"item\":\"https:\/\/www.quasinfalivel.pt\/test\/servicos\/\"},{\"@type\":\"ListItem\",\"position\":3,\"name\":\"Forma\u00e7\u00e3o\"}]},{\"@type\":\"WebSite\",\"@id\":\"https:\/\/www.quasinfalivel.pt\/test\/#website\",\"url\":\"https:\/\/www.quasinfalivel.pt\/test\/\",\"name\":\"Quasinfal\u00edvel\",\"description\":\"Empresa de consultoria, auditoria, e forma\u00e7\u00e3o em \u00e1reas como CMMI, Agile, BPM, ISO 9001 e ISO 27001.\",\"publisher\":{\"@id\":\"https:\/\/www.quasinfalivel.pt\/test\/#organization\"},\"potentialAction\":[{\"@type\":\"SearchAction\",\"target\":{\"@type\":\"EntryPoint\",\"urlTemplate\":\"https:\/\/www.quasinfalivel.pt\/test\/?s={search_term_string}\"},\"query-input\":\"required name=search_term_string\"}],\"inLanguage\":\"pt-PT\"},{\"@type\":\"Organization\",\"@id\":\"https:\/\/www.quasinfalivel.pt\/test\/#organization\",\"name\":\"Quasinfal\u00edvel\",\"url\":\"https:\/\/www.quasinfalivel.pt\/test\/\",\"logo\":{\"@type\":\"ImageObject\",\"inLanguage\":\"pt-PT\",\"@id\":\"https:\/\/www.quasinfalivel.pt\/test\/#\/schema\/logo\/image\/\",\"url\":\"https:\/\/www.quasinfalivel.pt\/test\/wp-content\/uploads\/2020\/10\/logo-quasinfalivel-600x450-1.png\",\"contentUrl\":\"https:\/\/www.quasinfalivel.pt\/test\/wp-content\/uploads\/2020\/10\/logo-quasinfalivel-600x450-1.png\",\"width\":600,\"height\":451,\"caption\":\"Quasinfal\u00edvel\"},\"image\":{\"@id\":\"https:\/\/www.quasinfalivel.pt\/test\/#\/schema\/logo\/image\/\"},\"sameAs\":[\"https:\/\/www.linkedin.com\/company\/quasinfal\u00edvel-unipessoal-lda\",\"https:\/\/www.facebook.com\/Quasinfalivel-Unipessoal-Lda-442428829209221\"]}]}<\/script>\n<!-- \/ Yoast SEO plugin. -->","yoast_head_json":{"title":"Forma\u00e7\u00e3o - Quasinfal\u00edvel","description":"A forma\u00e7\u00e3o \u00e9 um investimento essencial para o conhecimento e compet\u00eancias das pessoas estarem alinhados com as necessidades do mercado.","robots":{"index":"index","follow":"follow","max-snippet":"max-snippet:-1","max-image-preview":"max-image-preview:large","max-video-preview":"max-video-preview:-1"},"canonical":"https:\/\/www.quasinfalivel.pt\/test\/servicos\/formacao\/","og_locale":"pt_PT","og_type":"article","og_title":"Forma\u00e7\u00e3o - Quasinfal\u00edvel","og_description":"A forma\u00e7\u00e3o \u00e9 um investimento essencial para o conhecimento e compet\u00eancias das pessoas estarem alinhados com as necessidades do mercado.","og_url":"https:\/\/www.quasinfalivel.pt\/test\/servicos\/formacao\/","og_site_name":"Quasinfal\u00edvel","article_publisher":"https:\/\/www.facebook.com\/Quasinfalivel-Unipessoal-Lda-442428829209221","article_modified_time":"2021-08-09T16:57:17+00:00","og_image":[{"width":2000,"height":1333,"url":"https:\/\/www.quasinfalivel.pt\/test\/wp-content\/uploads\/2021\/01\/pexels-anna-shvets-4226140_smaller.jpg","type":"image\/jpeg"}],"twitter_card":"summary_large_image","twitter_title":"Forma\u00e7\u00e3o - Quasinfal\u00edvel","twitter_description":"A forma\u00e7\u00e3o \u00e9 um investimento essencial para o conhecimento e compet\u00eancias das pessoas estarem alinhados com as necessidades do mercado.","twitter_image":"https:\/\/www.quasinfalivel.pt\/test\/wp-content\/uploads\/2021\/01\/pexels-anna-shvets-4226140_smaller.jpg","twitter_misc":{"Tempo estimado de leitura":"2 minutos"},"schema":{"@context":"https:\/\/schema.org","@graph":[{"@type":"WebPage","@id":"https:\/\/www.quasinfalivel.pt\/test\/servicos\/formacao\/","url":"https:\/\/www.quasinfalivel.pt\/test\/servicos\/formacao\/","name":"Forma\u00e7\u00e3o - Quasinfal\u00edvel","isPartOf":{"@id":"https:\/\/www.quasinfalivel.pt\/test\/#website"},"datePublished":"2021-01-23T12:14:39+00:00","dateModified":"2021-08-09T16:57:17+00:00","description":"A forma\u00e7\u00e3o \u00e9 um investimento essencial para o conhecimento e compet\u00eancias das pessoas estarem alinhados com as necessidades do mercado.","breadcrumb":{"@id":"https:\/\/www.quasinfalivel.pt\/test\/servicos\/formacao\/#breadcrumb"},"inLanguage":"pt-PT","potentialAction":[{"@type":"ReadAction","target":["https:\/\/www.quasinfalivel.pt\/test\/servicos\/formacao\/"]}]},{"@type":"BreadcrumbList","@id":"https:\/\/www.quasinfalivel.pt\/test\/servicos\/formacao\/#breadcrumb","itemListElement":[{"@type":"ListItem","position":1,"name":"In\u00edcio","item":"https:\/\/www.quasinfalivel.pt\/test\/"},{"@type":"ListItem","position":2,"name":"Servi\u00e7os","item":"https:\/\/www.quasinfalivel.pt\/test\/servicos\/"},{"@type":"ListItem","position":3,"name":"Forma\u00e7\u00e3o"}]},{"@type":"WebSite","@id":"https:\/\/www.quasinfalivel.pt\/test\/#website","url":"https:\/\/www.quasinfalivel.pt\/test\/","name":"Quasinfal\u00edvel","description":"Empresa de consultoria, auditoria, e forma\u00e7\u00e3o em \u00e1reas como CMMI, Agile, BPM, ISO 9001 e ISO 27001.","publisher":{"@id":"https:\/\/www.quasinfalivel.pt\/test\/#organization"},"potentialAction":[{"@type":"SearchAction","target":{"@type":"EntryPoint","urlTemplate":"https:\/\/www.quasinfalivel.pt\/test\/?s={search_term_string}"},"query-input":"required name=search_term_string"}],"inLanguage":"pt-PT"},{"@type":"Organization","@id":"https:\/\/www.quasinfalivel.pt\/test\/#organization","name":"Quasinfal\u00edvel","url":"https:\/\/www.quasinfalivel.pt\/test\/","logo":{"@type":"ImageObject","inLanguage":"pt-PT","@id":"https:\/\/www.quasinfalivel.pt\/test\/#\/schema\/logo\/image\/","url":"https:\/\/www.quasinfalivel.pt\/test\/wp-content\/uploads\/2020\/10\/logo-quasinfalivel-600x450-1.png","contentUrl":"https:\/\/www.quasinfalivel.pt\/test\/wp-content\/uploads\/2020\/10\/logo-quasinfalivel-600x450-1.png","width":600,"height":451,"caption":"Quasinfal\u00edvel"},"image":{"@id":"https:\/\/www.quasinfalivel.pt\/test\/#\/schema\/logo\/image\/"},"sameAs":["https:\/\/www.linkedin.com\/company\/quasinfal\u00edvel-unipessoal-lda","https:\/\/www.facebook.com\/Quasinfalivel-Unipessoal-Lda-442428829209221"]}]}},"uagb_featured_image_src":{"full":false,"thumbnail":false,"medium":false,"medium_large":false,"large":false,"1536x1536":false,"2048x2048":false},"uagb_author_info":{"display_name":"Admin-Quasinfalivel","author_link":"https:\/\/www.quasinfalivel.pt\/test\/author\/admin-quasinfalivel\/"},"uagb_comment_info":0,"uagb_excerpt":"Porqu\u00ea fazer forma\u00e7\u00e3o na Quasinfal\u00edvel? Conhe\u00e7a as vantagens de fazer forma\u00e7\u00e3o connosco.","_links":{"self":[{"href":"https:\/\/www.quasinfalivel.pt\/test\/wp-json\/wp\/v2\/pages\/18970"}],"collection":[{"href":"https:\/\/www.quasinfalivel.pt\/test\/wp-json\/wp\/v2\/pages"}],"about":[{"href":"https:\/\/www.quasinfalivel.pt\/test\/wp-json\/wp\/v2\/types\/page"}],"author":[{"embeddable":true,"href":"https:\/\/www.quasinfalivel.pt\/test\/wp-json\/wp\/v2\/users\/1"}],"replies":[{"embeddable":true,"href":"https:\/\/www.quasinfalivel.pt\/test\/wp-json\/wp\/v2\/comments?post=18970"}],"version-history":[{"count":19,"href":"https:\/\/www.quasinfalivel.pt\/test\/wp-json\/wp\/v2\/pages\/18970\/revisions"}],"predecessor-version":[{"id":20177,"href":"https:\/\/www.quasinfalivel.pt\/test\/wp-json\/wp\/v2\/pages\/18970\/revisions\/20177"}],"up":[{"embeddable":true,"href":"https:\/\/www.quasinfalivel.pt\/test\/wp-json\/wp\/v2\/pages\/18050"}],"wp:attachment":[{"href":"https:\/\/www.quasinfalivel.pt\/test\/wp-json\/wp\/v2\/media?parent=18970"}],"curies":[{"name":"wp","href":"https:\/\/api.w.org\/{rel}","templated":true}]}}