{"id":18967,"date":"2021-01-23T12:14:03","date_gmt":"2021-01-23T12:14:03","guid":{"rendered":"https:\/\/www.quasinfalivel.pt\/test\/?page_id=18967"},"modified":"2022-03-21T14:36:49","modified_gmt":"2022-03-21T14:36:49","slug":"manutencao-de-certificacao","status":"publish","type":"page","link":"https:\/\/www.quasinfalivel.pt\/test\/servicos\/manutencao-de-certificacao\/","title":{"rendered":"Manuten\u00e7\u00e3o de Certifica\u00e7\u00e3o"},"content":{"rendered":"<div class=\"gb-container gb-container-64243176\"><div class=\"gb-inside-container\">\n<div class=\"gb-grid-wrapper gb-grid-wrapper-77f4123c\">\n<div class=\"gb-grid-column gb-grid-column-a0e212db\"><div class=\"gb-container gb-container-a0e212db\"><div class=\"gb-inside-container\">\n\n<p><strong>A certifica\u00e7\u00e3o n\u00e3o \u00e9 um fim<\/strong>. \u00c9 um princ\u00edpio de um trabalho de <strong>melhoria cont\u00ednua<\/strong>.<\/p>\n\n\n\n<p>Ap\u00f3s obter a primeira certifica\u00e7\u00e3o, muitas ideias ficam por implementar. \u00c9 assim em todas as organiza\u00e7\u00f5es, e \u00e9 ben\u00e9fico. \u00c9 importante <strong>rever as pr\u00e1ticas da organiza\u00e7\u00e3o<\/strong>, numa perspetiva de <strong>melhor e mais r\u00e1pida resposta<\/strong> \u00e0s condicionantes do mercado, e tamb\u00e9m para <strong>incorporar as altera\u00e7\u00f5es<\/strong> decorrentes da evolu\u00e7\u00e3o dos standards.<\/p>\n\n<\/div><\/div><\/div>\n\n<div class=\"gb-grid-column gb-grid-column-49594e8f\"><div class=\"gb-container gb-container-49594e8f\"><div class=\"gb-inside-container\">\n\n<figure class=\"wp-block-image size-large\"><img decoding=\"async\" loading=\"lazy\" width=\"1024\" height=\"682\" src=\"https:\/\/www.quasinfalivel.pt\/test\/wp-content\/uploads\/2021\/01\/pexels-karolina-grabowska-5398881_smaller-1024x682.jpg\" alt=\"\" class=\"wp-image-19350\" srcset=\"https:\/\/www.quasinfalivel.pt\/test\/wp-content\/uploads\/2021\/01\/pexels-karolina-grabowska-5398881_smaller-1024x682.jpg 1024w, https:\/\/www.quasinfalivel.pt\/test\/wp-content\/uploads\/2021\/01\/pexels-karolina-grabowska-5398881_smaller-300x200.jpg 300w, https:\/\/www.quasinfalivel.pt\/test\/wp-content\/uploads\/2021\/01\/pexels-karolina-grabowska-5398881_smaller-768x512.jpg 768w, https:\/\/www.quasinfalivel.pt\/test\/wp-content\/uploads\/2021\/01\/pexels-karolina-grabowska-5398881_smaller-1536x1024.jpg 1536w, https:\/\/www.quasinfalivel.pt\/test\/wp-content\/uploads\/2021\/01\/pexels-karolina-grabowska-5398881_smaller.jpg 2000w\" sizes=\"(max-width: 1024px) 100vw, 1024px\" \/><\/figure>\n\n<\/div><\/div><\/div>\n<\/div>\n<\/div><div class=\"gb-shapes\"><div class=\"gb-shape gb-shape-1\"><svg xmlns=\"http:\/\/www.w3.org\/2000\/svg\" viewBox=\"0 0 1200 360\" preserveAspectRatio=\"none\"><path d=\"M1200 360H0V0l1200 348z\"\/><\/svg><\/div><\/div><\/div>\n\n<div class=\"gb-container gb-container-9d0179b1\"><div class=\"gb-inside-container\">\n<div class=\"gb-grid-wrapper gb-grid-wrapper-fea997fe\">\n<div class=\"gb-grid-column gb-grid-column-91e61f9d\"><div class=\"gb-container gb-container-91e61f9d\"><div class=\"gb-inside-container\">\n\n<figure class=\"wp-block-image size-large\"><img decoding=\"async\" loading=\"lazy\" width=\"1023\" height=\"641\" src=\"https:\/\/www.quasinfalivel.pt\/test\/wp-content\/uploads\/2021\/01\/diagrama-certificacao-iso-edited.png\" alt=\"\" class=\"wp-image-19466\" srcset=\"https:\/\/www.quasinfalivel.pt\/test\/wp-content\/uploads\/2021\/01\/diagrama-certificacao-iso-edited.png 1023w, https:\/\/www.quasinfalivel.pt\/test\/wp-content\/uploads\/2021\/01\/diagrama-certificacao-iso-edited-300x188.png 300w, https:\/\/www.quasinfalivel.pt\/test\/wp-content\/uploads\/2021\/01\/diagrama-certificacao-iso-edited-768x481.png 768w\" sizes=\"(max-width: 1023px) 100vw, 1023px\" \/><\/figure>\n\n<\/div><\/div><\/div>\n\n<div class=\"gb-grid-column gb-grid-column-55c89d37\"><div class=\"gb-container gb-container-55c89d37\"><div class=\"gb-inside-container\">\n\n<p>No mundo ISO, as auditorias internas devem acontecer <strong>anualmente<\/strong>, sendo feita uma <strong>auditoria externa<\/strong> pela <strong>entidade certificadora<\/strong>. A cada tr\u00eas anos, essa auditoria externa \u00e9 de renova\u00e7\u00e3o. No caso do CMMI, s\u00f3 existe uma auditoria externa (<em>Benchmark Appraisal<\/em>) de tr\u00eas em tr\u00eas anos.<\/p>\n\n\n\n<p>Todas as organiza\u00e7\u00f5es devem abra\u00e7ar a pr\u00e1tica de <strong>execu\u00e7\u00e3o de auditorias internas anuais<\/strong>, que podem ser feitas por auditores internos ou externos.<\/p>\n\n\n\n<p>Os projetos de transforma\u00e7\u00e3o dos processos das organiza\u00e7\u00f5es est\u00e3o muitas vezes apoiados nas <strong>equipas de qualidade e melhoria cont\u00ednua<\/strong>, pois estas equipas est\u00e3o habituadas a <strong>introduzir mudan\u00e7a<\/strong>, <strong>criar canais<\/strong> para a comunicar e <strong>verificar <\/strong>que esta est\u00e1 realmente a acontecer.<\/p>\n\n<\/div><\/div><\/div>\n\n<div class=\"gb-grid-column gb-grid-column-b68683a1\"><div class=\"gb-container gb-container-b68683a1\"><div class=\"gb-inside-container\">\n<div class=\"gb-button-wrapper gb-button-wrapper-2209ade1\">\n\n<a class=\"gb-button gb-button-8c8db2ee\" href=\"https:\/\/www.quasinfalivel.pt\/test\/contatos\/\"><span class=\"gb-button-text\">Saiba Mais Sobre Certifica\u00e7\u00e3o<\/span><span class=\"gb-icon\"><svg xmlns=\"http:\/\/www.w3.org\/2000\/svg\" viewBox=\"0 0 256 512\" width=\"1em\" height=\"1em\" aria-hidden=\"true\"><path d=\"M224.3 273l-136 136c-9.4 9.4-24.6 9.4-33.9 0l-22.6-22.6c-9.4-9.4-9.4-24.6 0-33.9l96.4-96.4-96.4-96.4c-9.4-9.4-9.4-24.6 0-33.9L54.3 103c9.4-9.4 24.6-9.4 33.9 0l136 136c9.5 9.4 9.5 24.6.1 34z\" fill=\"currentColor\"><\/path><\/svg><\/span><\/a>\n\n<\/div>\n<\/div><\/div><\/div>\n<\/div>\n<\/div><\/div>\n\n<div class=\"gb-container gb-container-ad3ff6de\"><div class=\"gb-inside-container\"><\/div><\/div>\n\n<div class=\"gb-container gb-container-1419bdf9\"><div class=\"gb-inside-container\">\n\n<h2 class=\"gb-headline gb-headline-44853b49 gb-headline-text\">Porque a minha organiza\u00e7\u00e3o deve manter a certifica\u00e7\u00e3o?<\/h2>\n\n\n<div class=\"gb-grid-wrapper gb-grid-wrapper-71f41f21\">\n<div class=\"gb-grid-column gb-grid-column-043a967e\"><div class=\"gb-container gb-container-043a967e\"><div class=\"gb-inside-container\">\n\n<div style=\"margin-bottom: 10px;margin-top:20px;\"><i class=\"fas fa-chart-line fa-2x\"><\/i><\/div>\n\n\n\n<div class=\"wp-block-uagb-advanced-heading uagb-block-6524890b\"><h4 class=\"uagb-heading-text\">Melhoria Cont\u00ednua<\/h4><div class=\"uagb-separator-wrap\"><div class=\"uagb-separator\"><\/div><\/div><p class=\"uagb-desc-text\">A implementa\u00e7\u00e3o de oportunidades de melhoria, mesmo ap\u00f3s a primeira certifica\u00e7\u00e3o, permite \u00e0 organiza\u00e7\u00e3o tornar-se cada vez melhor.<\/p><\/div>\n\n<\/div><\/div><\/div>\n\n<div class=\"gb-grid-column gb-grid-column-0e73392c\"><div class=\"gb-container gb-container-0e73392c\"><div class=\"gb-inside-container\">\n\n<div style=\"margin-bottom: 10px;margin-top:20px;\"><i class=\"fas fa-retweet fa-2x\"><\/i><\/div>\n\n\n\n<div class=\"wp-block-uagb-advanced-heading uagb-block-19d2f815\"><h4 class=\"uagb-heading-text\">Adapta\u00e7\u00e3o<\/h4><div class=\"uagb-separator-wrap\"><div class=\"uagb-separator\"><\/div><\/div><p class=\"uagb-desc-text\">Existe um alinhamento com as necessidades do mercado ao acompanhar e implementar a evolu\u00e7\u00e3o das melhores pr\u00e1ticas na organiza\u00e7\u00e3o.<\/p><\/div>\n\n<\/div><\/div><\/div>\n\n<div class=\"gb-grid-column gb-grid-column-1c75618b\"><div class=\"gb-container gb-container-1c75618b\"><div class=\"gb-inside-container\">\n\n<div style=\"margin-bottom: 10px;margin-top:20px;\"><i class=\"fas fa-running fa-2x\"><\/i><\/div>\n\n\n\n<div class=\"wp-block-uagb-advanced-heading uagb-block-5eaa6f15\"><h4 class=\"uagb-heading-text\">Vantagem Competitiva<\/h4><div class=\"uagb-separator-wrap\"><div class=\"uagb-separator\"><\/div><\/div><p class=\"uagb-desc-text\">A manuten\u00e7\u00e3o permite manter as vantagens da primeira certifica\u00e7\u00e3o, tais como o acesso neg\u00f3cios que exigem determinada certifica\u00e7\u00e3o.<\/p><\/div>\n\n<\/div><\/div><\/div>\n<\/div>\n\n<div class=\"gb-grid-wrapper gb-grid-wrapper-46b137b8\">\n<div class=\"gb-grid-column gb-grid-column-414d3343\"><div class=\"gb-container gb-container-414d3343\"><div class=\"gb-inside-container\">\n<div class=\"gb-button-wrapper gb-button-wrapper-e3e20cd6\">\n\n<a class=\"gb-button gb-button-3e46e76c\" href=\"https:\/\/www.quasinfalivel.pt\/test\/contatos\/\"><span class=\"gb-button-text\">IMPLEMENTE NA SUA ORGANIZA\u00c7\u00c3O<\/span><span class=\"gb-icon\"><svg xmlns=\"http:\/\/www.w3.org\/2000\/svg\" viewBox=\"0 0 256 512\" width=\"1em\" height=\"1em\" aria-hidden=\"true\"><path d=\"M224.3 273l-136 136c-9.4 9.4-24.6 9.4-33.9 0l-22.6-22.6c-9.4-9.4-9.4-24.6 0-33.9l96.4-96.4-96.4-96.4c-9.4-9.4-9.4-24.6 0-33.9L54.3 103c9.4-9.4 24.6-9.4 33.9 0l136 136c9.5 9.4 9.5 24.6.1 34z\" fill=\"currentColor\"><\/path><\/svg><\/span><\/a>\n\n<\/div>\n<\/div><\/div><\/div>\n<\/div>\n<\/div><\/div>\n\n<div class=\"gb-container gb-container-e424b801\"><div class=\"gb-inside-container\">\n<div class=\"gb-grid-wrapper gb-grid-wrapper-5a5e5026\">\n<div class=\"gb-grid-column gb-grid-column-6b9c5f7a\"><div class=\"gb-container gb-container-6b9c5f7a\"><div class=\"gb-inside-container\">\n\n<p class=\"has-medium-font-size\">Podemos ajud\u00e1-lo no processo de manuten\u00e7\u00e3o da sua certifica\u00e7\u00e3o.<\/p>\n\n<\/div><\/div><\/div>\n\n<div class=\"gb-grid-column gb-grid-column-b18258fe\"><div class=\"gb-container gb-container-b18258fe\"><div class=\"gb-inside-container\">\n\n<h3 class=\"gb-headline gb-headline-94b7f229 gb-headline-text\">Os nossos servi\u00e7os incluem<\/h3>\n\n\n\n<ul><li><strong>An\u00e1lise das recomenda\u00e7\u00f5es<\/strong> das auditorias anteriores<\/li><li>Elabora\u00e7\u00e3o de <strong>planos de resposta <\/strong>\u00e0s constata\u00e7\u00f5es das auditorias<\/li><li><strong>Recolha de evid\u00eancias <\/strong>de implementa\u00e7\u00e3o das a\u00e7\u00f5es definidas<\/li><li>Realiza\u00e7\u00e3o de<strong> auditorias internas anuais<\/strong><\/li><li>Apoio na <strong>realiza\u00e7\u00e3o das reuni\u00f5es<\/strong> de revis\u00e3o pela gest\u00e3o<\/li><li>Apoio na<strong> recolha e an\u00e1lise de indicadores<\/strong> dos processos<\/li><\/ul>\n\n<\/div><\/div><\/div>\n<\/div>\n\n<div class=\"gb-container gb-container-69c0561e\"><div class=\"gb-inside-container\">\n<div class=\"gb-button-wrapper gb-button-wrapper-e171a6dd\">\n\n<a class=\"gb-button gb-button-ff228700\" href=\"https:\/\/www.quasinfalivel.pt\/test\/contatos\/\"><span class=\"gb-button-text\">Pe\u00e7a uma proposta<\/span><span class=\"gb-icon\"><svg aria-hidden=\"true\" height=\"1em\" width=\"1em\" viewBox=\"0 0 512 512\" xmlns=\"http:\/\/www.w3.org\/2000\/svg\"><path fill=\"currentColor\" d=\"M440 6.5L24 246.4c-34.4 19.9-31.1 70.8 5.7 85.9L144 379.6V464c0 46.4 59.2 65.5 86.6 28.6l43.8-59.1 111.9 46.2c5.9 2.4 12.1 3.6 18.3 3.6 8.2 0 16.3-2.1 23.6-6.2 12.8-7.2 21.6-20 23.9-34.5l59.4-387.2c6.1-40.1-36.9-68.8-71.5-48.9zM192 464v-64.6l36.6 15.1L192 464zm212.6-28.7l-153.8-63.5L391 169.5c10.7-15.5-9.5-33.5-23.7-21.2L155.8 332.6 48 288 464 48l-59.4 387.3z\"><\/path><\/svg><\/span><\/a>\n\n<\/div>\n<\/div><\/div>\n<\/div><\/div>\n\n<div class=\"gb-container gb-container-fd213bdd\"><div class=\"gb-inside-container\">\n<div class=\"gb-grid-wrapper gb-grid-wrapper-e88a2bc6\">\n<div class=\"gb-grid-column gb-grid-column-f072627c\"><div class=\"gb-container gb-container-f072627c\"><div class=\"gb-inside-container\">\n\n<h3 class=\"gb-headline gb-headline-d1fdb7f1 gb-headline-text\">Apoiamos Manuten\u00e7\u00f5es de certifica\u00e7\u00e3o em v\u00e1rias \u00e1reas<\/h3>\n\n<\/div><\/div><\/div>\n\n<div class=\"gb-grid-column gb-grid-column-e4096f3b\"><div class=\"gb-container gb-container-e4096f3b\"><div class=\"gb-inside-container\">\n\n<h4 class=\"gb-headline gb-headline-2a3cc675\"><span class=\"gb-icon\"><svg xmlns=\"http:\/\/www.w3.org\/2000\/svg\" viewBox=\"0 0 256 512\" width=\"1em\" height=\"1em\" aria-hidden=\"true\"><path d=\"M224.3 273l-136 136c-9.4 9.4-24.6 9.4-33.9 0l-22.6-22.6c-9.4-9.4-9.4-24.6 0-33.9l96.4-96.4-96.4-96.4c-9.4-9.4-9.4-24.6 0-33.9L54.3 103c9.4-9.4 24.6-9.4 33.9 0l136 136c9.5 9.4 9.5 24.6.1 34z\" fill=\"currentColor\"><\/path><\/svg><\/span><span class=\"gb-headline-text\"><a href=\"https:\/\/www.quasinfalivel.pt\/test\/servicos\/cmmi\">CMMI<\/a><\/span><\/h4>\n\n\n\n<h4 class=\"gb-headline gb-headline-9de80032\"><span class=\"gb-icon\"><svg xmlns=\"http:\/\/www.w3.org\/2000\/svg\" viewBox=\"0 0 256 512\" width=\"1em\" height=\"1em\" aria-hidden=\"true\"><path d=\"M224.3 273l-136 136c-9.4 9.4-24.6 9.4-33.9 0l-22.6-22.6c-9.4-9.4-9.4-24.6 0-33.9l96.4-96.4-96.4-96.4c-9.4-9.4-9.4-24.6 0-33.9L54.3 103c9.4-9.4 24.6-9.4 33.9 0l136 136c9.5 9.4 9.5 24.6.1 34z\" fill=\"currentColor\"><\/path><\/svg><\/span><span class=\"gb-headline-text\"><a href=\"https:\/\/www.quasinfalivel.pt\/test\/servicos\/iso-9001\/\">ISO 9001<\/a><\/span><\/h4>\n\n\n\n<h4 class=\"gb-headline gb-headline-7b3ae4df\"><span class=\"gb-icon\"><svg xmlns=\"http:\/\/www.w3.org\/2000\/svg\" viewBox=\"0 0 256 512\" width=\"1em\" height=\"1em\" aria-hidden=\"true\"><path d=\"M224.3 273l-136 136c-9.4 9.4-24.6 9.4-33.9 0l-22.6-22.6c-9.4-9.4-9.4-24.6 0-33.9l96.4-96.4-96.4-96.4c-9.4-9.4-9.4-24.6 0-33.9L54.3 103c9.4-9.4 24.6-9.4 33.9 0l136 136c9.5 9.4 9.5 24.6.1 34z\" fill=\"currentColor\"><\/path><\/svg><\/span><span class=\"gb-headline-text\"><a href=\"https:\/\/www.quasinfalivel.pt\/test\/servicos\/iso-27001\/\">ISO 27001<\/a><\/span><\/h4>\n\n\n\n<h4 class=\"gb-headline gb-headline-a973dfb2\"><span class=\"gb-icon\"><svg xmlns=\"http:\/\/www.w3.org\/2000\/svg\" viewBox=\"0 0 256 512\" width=\"1em\" height=\"1em\" aria-hidden=\"true\"><path d=\"M224.3 273l-136 136c-9.4 9.4-24.6 9.4-33.9 0l-22.6-22.6c-9.4-9.4-9.4-24.6 0-33.9l96.4-96.4-96.4-96.4c-9.4-9.4-9.4-24.6 0-33.9L54.3 103c9.4-9.4 24.6-9.4 33.9 0l136 136c9.5 9.4 9.5 24.6.1 34z\" fill=\"currentColor\"><\/path><\/svg><\/span><span class=\"gb-headline-text\"><a href=\"https:\/\/www.quasinfalivel.pt\/test\/servicos\/selo-digital\/\"><a href=\"https:\/\/www.quasinfalivel.pt\/test\/test\/servicos\/selo-digital\/\">DNP TS4577 (Selo Digital)<\/a><\/a><\/span><\/h4>\n\n\n\n<h4 class=\"gb-headline gb-headline-50d4b0a0\"><span class=\"gb-icon\"><svg xmlns=\"http:\/\/www.w3.org\/2000\/svg\" viewBox=\"0 0 256 512\" width=\"1em\" height=\"1em\" aria-hidden=\"true\"><path d=\"M224.3 273l-136 136c-9.4 9.4-24.6 9.4-33.9 0l-22.6-22.6c-9.4-9.4-9.4-24.6 0-33.9l96.4-96.4-96.4-96.4c-9.4-9.4-9.4-24.6 0-33.9L54.3 103c9.4-9.4 24.6-9.4 33.9 0l136 136c9.5 9.4 9.5 24.6.1 34z\" fill=\"currentColor\"><\/path><\/svg><\/span><span class=\"gb-headline-text\"><a href=\"https:\/\/www.quasinfalivel.pt\/test\/servicos\/iso-22301\/\">ISO 22301<\/a><\/span><\/h4>\n\n<\/div><\/div><\/div>\n<\/div>\n<\/div><\/div>\n\n\n<p><\/p>\n","protected":false},"excerpt":{"rendered":"<p>Porque a minha organiza\u00e7\u00e3o deve manter a certifica\u00e7\u00e3o?<\/p>\n","protected":false},"author":1,"featured_media":0,"parent":18050,"menu_order":0,"comment_status":"closed","ping_status":"closed","template":"","meta":{"_uag_custom_page_level_css":"","_mi_skip_tracking":false},"yoast_head":"<!-- This site is optimized with the Yoast SEO plugin v19.13 - https:\/\/yoast.com\/wordpress\/plugins\/seo\/ -->\n<title>Manuten\u00e7\u00e3o de Certifica\u00e7\u00e3o - Quasinfal\u00edvel<\/title>\n<meta name=\"description\" content=\"Ap\u00f3s obter a primeira certifica\u00e7\u00e3o, a manuten\u00e7\u00e3o da certifica\u00e7\u00e3o \u00e9 muito importante para a melhoria cont\u00ednua da organiza\u00e7\u00e3o.\" \/>\n<meta name=\"robots\" content=\"index, follow, max-snippet:-1, max-image-preview:large, max-video-preview:-1\" \/>\n<link rel=\"canonical\" href=\"https:\/\/www.quasinfalivel.pt\/test\/servicos\/manutencao-de-certificacao\/\" \/>\n<meta property=\"og:locale\" content=\"pt_PT\" \/>\n<meta property=\"og:type\" content=\"article\" \/>\n<meta property=\"og:title\" content=\"Manuten\u00e7\u00e3o de Certifica\u00e7\u00e3o - Quasinfal\u00edvel\" \/>\n<meta property=\"og:description\" content=\"Ap\u00f3s obter a primeira certifica\u00e7\u00e3o, a manuten\u00e7\u00e3o da certifica\u00e7\u00e3o \u00e9 muito importante para a melhoria cont\u00ednua da organiza\u00e7\u00e3o.\" \/>\n<meta property=\"og:url\" content=\"https:\/\/www.quasinfalivel.pt\/test\/servicos\/manutencao-de-certificacao\/\" \/>\n<meta property=\"og:site_name\" content=\"Quasinfal\u00edvel\" \/>\n<meta property=\"article:publisher\" content=\"https:\/\/www.facebook.com\/Quasinfalivel-Unipessoal-Lda-442428829209221\" \/>\n<meta property=\"article:modified_time\" content=\"2022-03-21T14:36:49+00:00\" \/>\n<meta property=\"og:image\" content=\"https:\/\/www.quasinfalivel.pt\/test\/wp-content\/uploads\/2021\/01\/pexels-karolina-grabowska-5398881_smaller.jpg\" \/>\n\t<meta property=\"og:image:width\" content=\"2000\" \/>\n\t<meta property=\"og:image:height\" content=\"1333\" \/>\n\t<meta property=\"og:image:type\" content=\"image\/jpeg\" \/>\n<meta name=\"twitter:card\" content=\"summary_large_image\" \/>\n<meta name=\"twitter:title\" content=\"Manuten\u00e7\u00e3o de Certifica\u00e7\u00e3o - Quasinfal\u00edvel\" \/>\n<meta name=\"twitter:description\" content=\"Ap\u00f3s obter a primeira certifica\u00e7\u00e3o, a manuten\u00e7\u00e3o da certifica\u00e7\u00e3o \u00e9 muito importante para a melhoria cont\u00ednua da organiza\u00e7\u00e3o.\" \/>\n<meta name=\"twitter:image\" content=\"https:\/\/www.quasinfalivel.pt\/test\/wp-content\/uploads\/2021\/01\/pexels-karolina-grabowska-5398881_smaller.jpg\" \/>\n<meta name=\"twitter:label1\" content=\"Tempo estimado de leitura\" \/>\n\t<meta name=\"twitter:data1\" content=\"3 minutos\" \/>\n<script type=\"application\/ld+json\" class=\"yoast-schema-graph\">{\"@context\":\"https:\/\/schema.org\",\"@graph\":[{\"@type\":\"WebPage\",\"@id\":\"https:\/\/www.quasinfalivel.pt\/test\/servicos\/manutencao-de-certificacao\/\",\"url\":\"https:\/\/www.quasinfalivel.pt\/test\/servicos\/manutencao-de-certificacao\/\",\"name\":\"Manuten\u00e7\u00e3o de Certifica\u00e7\u00e3o - Quasinfal\u00edvel\",\"isPartOf\":{\"@id\":\"https:\/\/www.quasinfalivel.pt\/test\/#website\"},\"datePublished\":\"2021-01-23T12:14:03+00:00\",\"dateModified\":\"2022-03-21T14:36:49+00:00\",\"description\":\"Ap\u00f3s obter a primeira certifica\u00e7\u00e3o, a manuten\u00e7\u00e3o da certifica\u00e7\u00e3o \u00e9 muito importante para a melhoria cont\u00ednua da organiza\u00e7\u00e3o.\",\"breadcrumb\":{\"@id\":\"https:\/\/www.quasinfalivel.pt\/test\/servicos\/manutencao-de-certificacao\/#breadcrumb\"},\"inLanguage\":\"pt-PT\",\"potentialAction\":[{\"@type\":\"ReadAction\",\"target\":[\"https:\/\/www.quasinfalivel.pt\/test\/servicos\/manutencao-de-certificacao\/\"]}]},{\"@type\":\"BreadcrumbList\",\"@id\":\"https:\/\/www.quasinfalivel.pt\/test\/servicos\/manutencao-de-certificacao\/#breadcrumb\",\"itemListElement\":[{\"@type\":\"ListItem\",\"position\":1,\"name\":\"In\u00edcio\",\"item\":\"https:\/\/www.quasinfalivel.pt\/test\/\"},{\"@type\":\"ListItem\",\"position\":2,\"name\":\"Servi\u00e7os\",\"item\":\"https:\/\/www.quasinfalivel.pt\/test\/servicos\/\"},{\"@type\":\"ListItem\",\"position\":3,\"name\":\"Manuten\u00e7\u00e3o de Certifica\u00e7\u00e3o\"}]},{\"@type\":\"WebSite\",\"@id\":\"https:\/\/www.quasinfalivel.pt\/test\/#website\",\"url\":\"https:\/\/www.quasinfalivel.pt\/test\/\",\"name\":\"Quasinfal\u00edvel\",\"description\":\"Empresa de consultoria, auditoria, e forma\u00e7\u00e3o em \u00e1reas como CMMI, Agile, BPM, ISO 9001 e ISO 27001.\",\"publisher\":{\"@id\":\"https:\/\/www.quasinfalivel.pt\/test\/#organization\"},\"potentialAction\":[{\"@type\":\"SearchAction\",\"target\":{\"@type\":\"EntryPoint\",\"urlTemplate\":\"https:\/\/www.quasinfalivel.pt\/test\/?s={search_term_string}\"},\"query-input\":\"required name=search_term_string\"}],\"inLanguage\":\"pt-PT\"},{\"@type\":\"Organization\",\"@id\":\"https:\/\/www.quasinfalivel.pt\/test\/#organization\",\"name\":\"Quasinfal\u00edvel\",\"url\":\"https:\/\/www.quasinfalivel.pt\/test\/\",\"logo\":{\"@type\":\"ImageObject\",\"inLanguage\":\"pt-PT\",\"@id\":\"https:\/\/www.quasinfalivel.pt\/test\/#\/schema\/logo\/image\/\",\"url\":\"https:\/\/www.quasinfalivel.pt\/test\/wp-content\/uploads\/2020\/10\/logo-quasinfalivel-600x450-1.png\",\"contentUrl\":\"https:\/\/www.quasinfalivel.pt\/test\/wp-content\/uploads\/2020\/10\/logo-quasinfalivel-600x450-1.png\",\"width\":600,\"height\":451,\"caption\":\"Quasinfal\u00edvel\"},\"image\":{\"@id\":\"https:\/\/www.quasinfalivel.pt\/test\/#\/schema\/logo\/image\/\"},\"sameAs\":[\"https:\/\/www.linkedin.com\/company\/quasinfal\u00edvel-unipessoal-lda\",\"https:\/\/www.facebook.com\/Quasinfalivel-Unipessoal-Lda-442428829209221\"]}]}<\/script>\n<!-- \/ Yoast SEO plugin. -->","yoast_head_json":{"title":"Manuten\u00e7\u00e3o de Certifica\u00e7\u00e3o - Quasinfal\u00edvel","description":"Ap\u00f3s obter a primeira certifica\u00e7\u00e3o, a manuten\u00e7\u00e3o da certifica\u00e7\u00e3o \u00e9 muito importante para a melhoria cont\u00ednua da organiza\u00e7\u00e3o.","robots":{"index":"index","follow":"follow","max-snippet":"max-snippet:-1","max-image-preview":"max-image-preview:large","max-video-preview":"max-video-preview:-1"},"canonical":"https:\/\/www.quasinfalivel.pt\/test\/servicos\/manutencao-de-certificacao\/","og_locale":"pt_PT","og_type":"article","og_title":"Manuten\u00e7\u00e3o de Certifica\u00e7\u00e3o - Quasinfal\u00edvel","og_description":"Ap\u00f3s obter a primeira certifica\u00e7\u00e3o, a manuten\u00e7\u00e3o da certifica\u00e7\u00e3o \u00e9 muito importante para a melhoria cont\u00ednua da organiza\u00e7\u00e3o.","og_url":"https:\/\/www.quasinfalivel.pt\/test\/servicos\/manutencao-de-certificacao\/","og_site_name":"Quasinfal\u00edvel","article_publisher":"https:\/\/www.facebook.com\/Quasinfalivel-Unipessoal-Lda-442428829209221","article_modified_time":"2022-03-21T14:36:49+00:00","og_image":[{"width":2000,"height":1333,"url":"https:\/\/www.quasinfalivel.pt\/test\/wp-content\/uploads\/2021\/01\/pexels-karolina-grabowska-5398881_smaller.jpg","type":"image\/jpeg"}],"twitter_card":"summary_large_image","twitter_title":"Manuten\u00e7\u00e3o de Certifica\u00e7\u00e3o - Quasinfal\u00edvel","twitter_description":"Ap\u00f3s obter a primeira certifica\u00e7\u00e3o, a manuten\u00e7\u00e3o da certifica\u00e7\u00e3o \u00e9 muito importante para a melhoria cont\u00ednua da organiza\u00e7\u00e3o.","twitter_image":"https:\/\/www.quasinfalivel.pt\/test\/wp-content\/uploads\/2021\/01\/pexels-karolina-grabowska-5398881_smaller.jpg","twitter_misc":{"Tempo estimado de leitura":"3 minutos"},"schema":{"@context":"https:\/\/schema.org","@graph":[{"@type":"WebPage","@id":"https:\/\/www.quasinfalivel.pt\/test\/servicos\/manutencao-de-certificacao\/","url":"https:\/\/www.quasinfalivel.pt\/test\/servicos\/manutencao-de-certificacao\/","name":"Manuten\u00e7\u00e3o de Certifica\u00e7\u00e3o - Quasinfal\u00edvel","isPartOf":{"@id":"https:\/\/www.quasinfalivel.pt\/test\/#website"},"datePublished":"2021-01-23T12:14:03+00:00","dateModified":"2022-03-21T14:36:49+00:00","description":"Ap\u00f3s obter a primeira certifica\u00e7\u00e3o, a manuten\u00e7\u00e3o da certifica\u00e7\u00e3o \u00e9 muito importante para a melhoria cont\u00ednua da organiza\u00e7\u00e3o.","breadcrumb":{"@id":"https:\/\/www.quasinfalivel.pt\/test\/servicos\/manutencao-de-certificacao\/#breadcrumb"},"inLanguage":"pt-PT","potentialAction":[{"@type":"ReadAction","target":["https:\/\/www.quasinfalivel.pt\/test\/servicos\/manutencao-de-certificacao\/"]}]},{"@type":"BreadcrumbList","@id":"https:\/\/www.quasinfalivel.pt\/test\/servicos\/manutencao-de-certificacao\/#breadcrumb","itemListElement":[{"@type":"ListItem","position":1,"name":"In\u00edcio","item":"https:\/\/www.quasinfalivel.pt\/test\/"},{"@type":"ListItem","position":2,"name":"Servi\u00e7os","item":"https:\/\/www.quasinfalivel.pt\/test\/servicos\/"},{"@type":"ListItem","position":3,"name":"Manuten\u00e7\u00e3o de Certifica\u00e7\u00e3o"}]},{"@type":"WebSite","@id":"https:\/\/www.quasinfalivel.pt\/test\/#website","url":"https:\/\/www.quasinfalivel.pt\/test\/","name":"Quasinfal\u00edvel","description":"Empresa de consultoria, auditoria, e forma\u00e7\u00e3o em \u00e1reas como CMMI, Agile, BPM, ISO 9001 e ISO 27001.","publisher":{"@id":"https:\/\/www.quasinfalivel.pt\/test\/#organization"},"potentialAction":[{"@type":"SearchAction","target":{"@type":"EntryPoint","urlTemplate":"https:\/\/www.quasinfalivel.pt\/test\/?s={search_term_string}"},"query-input":"required name=search_term_string"}],"inLanguage":"pt-PT"},{"@type":"Organization","@id":"https:\/\/www.quasinfalivel.pt\/test\/#organization","name":"Quasinfal\u00edvel","url":"https:\/\/www.quasinfalivel.pt\/test\/","logo":{"@type":"ImageObject","inLanguage":"pt-PT","@id":"https:\/\/www.quasinfalivel.pt\/test\/#\/schema\/logo\/image\/","url":"https:\/\/www.quasinfalivel.pt\/test\/wp-content\/uploads\/2020\/10\/logo-quasinfalivel-600x450-1.png","contentUrl":"https:\/\/www.quasinfalivel.pt\/test\/wp-content\/uploads\/2020\/10\/logo-quasinfalivel-600x450-1.png","width":600,"height":451,"caption":"Quasinfal\u00edvel"},"image":{"@id":"https:\/\/www.quasinfalivel.pt\/test\/#\/schema\/logo\/image\/"},"sameAs":["https:\/\/www.linkedin.com\/company\/quasinfal\u00edvel-unipessoal-lda","https:\/\/www.facebook.com\/Quasinfalivel-Unipessoal-Lda-442428829209221"]}]}},"uagb_featured_image_src":{"full":false,"thumbnail":false,"medium":false,"medium_large":false,"large":false,"1536x1536":false,"2048x2048":false},"uagb_author_info":{"display_name":"Admin-Quasinfalivel","author_link":"https:\/\/www.quasinfalivel.pt\/test\/author\/admin-quasinfalivel\/"},"uagb_comment_info":0,"uagb_excerpt":"Porque a minha organiza\u00e7\u00e3o deve manter a certifica\u00e7\u00e3o?","_links":{"self":[{"href":"https:\/\/www.quasinfalivel.pt\/test\/wp-json\/wp\/v2\/pages\/18967"}],"collection":[{"href":"https:\/\/www.quasinfalivel.pt\/test\/wp-json\/wp\/v2\/pages"}],"about":[{"href":"https:\/\/www.quasinfalivel.pt\/test\/wp-json\/wp\/v2\/types\/page"}],"author":[{"embeddable":true,"href":"https:\/\/www.quasinfalivel.pt\/test\/wp-json\/wp\/v2\/users\/1"}],"replies":[{"embeddable":true,"href":"https:\/\/www.quasinfalivel.pt\/test\/wp-json\/wp\/v2\/comments?post=18967"}],"version-history":[{"count":17,"href":"https:\/\/www.quasinfalivel.pt\/test\/wp-json\/wp\/v2\/pages\/18967\/revisions"}],"predecessor-version":[{"id":20298,"href":"https:\/\/www.quasinfalivel.pt\/test\/wp-json\/wp\/v2\/pages\/18967\/revisions\/20298"}],"up":[{"embeddable":true,"href":"https:\/\/www.quasinfalivel.pt\/test\/wp-json\/wp\/v2\/pages\/18050"}],"wp:attachment":[{"href":"https:\/\/www.quasinfalivel.pt\/test\/wp-json\/wp\/v2\/media?parent=18967"}],"curies":[{"name":"wp","href":"https:\/\/api.w.org\/{rel}","templated":true}]}}