{"id":18055,"date":"2020-02-26T19:25:39","date_gmt":"2020-02-26T19:25:39","guid":{"rendered":"https:\/\/gpsites.co\/service\/?page_id=18055"},"modified":"2023-01-06T01:15:53","modified_gmt":"2023-01-06T01:15:53","slug":"contatos","status":"publish","type":"page","link":"https:\/\/www.quasinfalivel.pt\/test\/contatos\/","title":{"rendered":"Contatos"},"content":{"rendered":"<div class=\"gb-container gb-container-2bcb0cdc\"><div class=\"gb-inside-container\">\n<div class=\"gb-grid-wrapper gb-grid-wrapper-b9068885\">\n<div class=\"gb-grid-column gb-grid-column-35b32223\"><div class=\"gb-container gb-container-35b32223\"><div class=\"gb-inside-container\">\n\n<h2 class=\"gb-headline gb-headline-e768b3eb gb-headline-text\">Vamos conversar?<\/h2>\n\n\n\n<p>Queremos ajudar a esclarecer qualquer d\u00favida que tenha sobre os nossos servi\u00e7os. Se estiver decidido a dar o pr\u00f3ximo passo na sua organiza\u00e7\u00e3o, teremos todo o gosto em apresentar uma proposta para trabalharmos juntos.<\/p>\n\n\n\n<p class=\"gb-headline gb-headline-a52b3a96\"><span class=\"gb-icon\"><svg xmlns=\"http:\/\/www.w3.org\/2000\/svg\" viewBox=\"0 0 384 512\" width=\"1em\" height=\"1em\" aria-hidden=\"true\"><path d=\"M172.268 501.67C26.97 291.031 0 269.413 0 192 0 85.961 85.961 0 192 0s192 85.961 192 192c0 77.413-26.97 99.031-172.268 309.67-9.535 13.774-29.93 13.773-39.464 0zM192 272c44.183 0 80-35.817 80-80s-35.817-80-80-80-80 35.817-80 80 35.817 80 80 80z\" fill=\"currentColor\"><\/path><\/svg><\/span><span class=\"gb-headline-text\">Rua Filipe Folque, n\u00ba2<br>1\u00ba andar, sala 6<br>1050-113 Lisboa<\/span><\/p>\n\n\n\n<p class=\"gb-headline gb-headline-812a03b9\"><span class=\"gb-icon\"><svg xmlns=\"http:\/\/www.w3.org\/2000\/svg\" viewBox=\"0 0 512 512\" width=\"1em\" height=\"1em\" aria-hidden=\"true\"><path d=\"M464 64H48C21.49 64 0 85.49 0 112v288c0 26.51 21.49 48 48 48h416c26.51 0 48-21.49 48-48V112c0-26.51-21.49-48-48-48zm0 48v40.805c-22.422 18.259-58.168 46.651-134.587 106.49-16.841 13.247-50.201 45.072-73.413 44.701-23.208.375-56.579-31.459-73.413-44.701C106.18 199.465 70.425 171.067 48 152.805V112h416zM48 400V214.398c22.914 18.251 55.409 43.862 104.938 82.646 21.857 17.205 60.134 55.186 103.062 54.955 42.717.231 80.509-37.199 103.053-54.947 49.528-38.783 82.032-64.401 104.947-82.653V400H48z\" fill=\"currentColor\"><\/path><\/svg><\/span><span class=\"gb-headline-text\"><strong>Geral <\/strong><a href=\"mailto: info@quasinfalivel.pt\">info@quasinfalivel.pt<\/a><br><strong>Partner <\/strong><a href=\"mailto:margarida.goncalves@quasinfalivel.pt\">margarida.goncalves@quasinfalivel.pt<\/a><\/span><\/p>\n\n<\/div><\/div><\/div>\n\n<div class=\"gb-grid-column gb-grid-column-17f911a6\"><div class=\"gb-container gb-container-17f911a6\"><div class=\"gb-inside-container\">\n\n<p class=\"has-text-align-center\"><div class=\"wpforms-container wpforms-container-full\" id=\"wpforms-20957\"><form id=\"wpforms-form-20957\" class=\"wpforms-validate wpforms-form\" data-formid=\"20957\" method=\"post\" enctype=\"multipart\/form-data\" action=\"\/test\/wp-json\/wp\/v2\/pages\/18055\" data-token=\"6874f442aad3622c187f6ce6d7d3cfd4\"><noscript class=\"wpforms-error-noscript\">Please enable JavaScript in your browser to complete this form.<\/noscript><div class=\"wpforms-field-container\"><div id=\"wpforms-20957-field_0-container\" class=\"wpforms-field wpforms-field-name\" data-field-id=\"0\"><label class=\"wpforms-field-label\" for=\"wpforms-20957-field_0\">Nome <span class=\"wpforms-required-label\">*<\/span><\/label><input type=\"text\" id=\"wpforms-20957-field_0\" class=\"wpforms-field-large wpforms-field-required\" name=\"wpforms[fields][0]\" required><\/div><div id=\"wpforms-20957-field_1-container\" class=\"wpforms-field wpforms-field-email\" data-field-id=\"1\"><label class=\"wpforms-field-label\" for=\"wpforms-20957-field_1\">Email <span class=\"wpforms-required-label\">*<\/span><\/label><input type=\"email\" id=\"wpforms-20957-field_1\" class=\"wpforms-field-large wpforms-field-required\" name=\"wpforms[fields][1]\" required><\/div><div id=\"wpforms-20957-field_3-container\" class=\"wpforms-field wpforms-field-number\" data-field-id=\"3\"><label class=\"wpforms-field-label\" for=\"wpforms-20957-field_3\">Contato Telef\u00f3nico<\/label><input type=\"number\" pattern=\"\\d*\" id=\"wpforms-20957-field_3\" class=\"wpforms-field-large\" name=\"wpforms[fields][3]\" ><\/div><div id=\"wpforms-20957-field_4-container\" class=\"wpforms-field wpforms-field-text\" data-field-id=\"4\"><label class=\"wpforms-field-label\" for=\"wpforms-20957-field_4\">Assunto <span class=\"wpforms-required-label\">*<\/span><\/label><input type=\"text\" id=\"wpforms-20957-field_4\" class=\"wpforms-field-large wpforms-field-required\" name=\"wpforms[fields][4]\" required><\/div><div id=\"wpforms-20957-field_2-container\" class=\"wpforms-field wpforms-field-textarea\" data-field-id=\"2\"><label class=\"wpforms-field-label\" for=\"wpforms-20957-field_2\">Mensagem <span class=\"wpforms-required-label\">*<\/span><\/label><textarea id=\"wpforms-20957-field_2\" class=\"wpforms-field-large wpforms-field-required\" name=\"wpforms[fields][2]\" required><\/textarea><\/div><\/div><div class=\"wpforms-recaptcha-container wpforms-is-recaptcha\"><div class=\"g-recaptcha\" data-sitekey=\"6LfRsZ0aAAAAAEq63RxMzvq-IGwGwj1pVoD2huUW\"><\/div><input type=\"text\" name=\"g-recaptcha-hidden\" class=\"wpforms-recaptcha-hidden\" style=\"position:absolute!important;clip:rect(0,0,0,0)!important;height:1px!important;width:1px!important;border:0!important;overflow:hidden!important;padding:0!important;margin:0!important;\" required><\/div><div class=\"wpforms-submit-container\"><input type=\"hidden\" name=\"wpforms[id]\" value=\"20957\"><input type=\"hidden\" name=\"wpforms[author]\" value=\"1\"><button type=\"submit\" name=\"wpforms[submit]\" id=\"wpforms-submit-20957\" class=\"wpforms-submit\" data-alt-text=\"a enviar...\" data-submit-text=\"ENVIAR\" aria-live=\"assertive\" value=\"wpforms-submit\">ENVIAR<\/button><\/div><\/form><\/div>  <!-- .wpforms-container --><\/p>\n\n<\/div><\/div><\/div>\n<\/div>\n<\/div><\/div>","protected":false},"excerpt":{"rendered":"","protected":false},"author":1,"featured_media":0,"parent":0,"menu_order":0,"comment_status":"closed","ping_status":"closed","template":"","meta":{"_uag_custom_page_level_css":"","_mi_skip_tracking":false},"yoast_head":"<!-- This site is optimized with the Yoast SEO plugin v19.13 - https:\/\/yoast.com\/wordpress\/plugins\/seo\/ -->\n<title>Contatos - Quasinfal\u00edvel<\/title>\n<meta name=\"description\" content=\"Tem d\u00favidas sobre os nossos servi\u00e7os de qualidade de processos de software? Quer solicitar uma proposta? Fale connosco!\" \/>\n<meta name=\"robots\" content=\"index, follow, max-snippet:-1, max-image-preview:large, max-video-preview:-1\" \/>\n<link rel=\"canonical\" href=\"https:\/\/www.quasinfalivel.pt\/test\/contatos\/\" \/>\n<meta property=\"og:locale\" content=\"pt_PT\" \/>\n<meta property=\"og:type\" content=\"article\" \/>\n<meta property=\"og:title\" content=\"Contatos - Quasinfal\u00edvel\" \/>\n<meta property=\"og:description\" content=\"Tem d\u00favidas sobre os nossos servi\u00e7os de qualidade de processos de software? Quer solicitar uma proposta? Fale connosco!\" \/>\n<meta property=\"og:url\" content=\"https:\/\/www.quasinfalivel.pt\/test\/contatos\/\" \/>\n<meta property=\"og:site_name\" content=\"Quasinfal\u00edvel\" \/>\n<meta property=\"article:publisher\" content=\"https:\/\/www.facebook.com\/Quasinfalivel-Unipessoal-Lda-442428829209221\" \/>\n<meta property=\"article:modified_time\" content=\"2023-01-06T01:15:53+00:00\" \/>\n<meta name=\"twitter:card\" content=\"summary_large_image\" \/>\n<meta name=\"twitter:label1\" content=\"Tempo estimado de leitura\" \/>\n\t<meta name=\"twitter:data1\" content=\"1 minuto\" \/>\n<script type=\"application\/ld+json\" class=\"yoast-schema-graph\">{\"@context\":\"https:\/\/schema.org\",\"@graph\":[{\"@type\":[\"WebPage\",\"ContactPage\"],\"@id\":\"https:\/\/www.quasinfalivel.pt\/test\/contatos\/\",\"url\":\"https:\/\/www.quasinfalivel.pt\/test\/contatos\/\",\"name\":\"Contatos - Quasinfal\u00edvel\",\"isPartOf\":{\"@id\":\"https:\/\/www.quasinfalivel.pt\/test\/#website\"},\"datePublished\":\"2020-02-26T19:25:39+00:00\",\"dateModified\":\"2023-01-06T01:15:53+00:00\",\"description\":\"Tem d\u00favidas sobre os nossos servi\u00e7os de qualidade de processos de software? Quer solicitar uma proposta? Fale connosco!\",\"breadcrumb\":{\"@id\":\"https:\/\/www.quasinfalivel.pt\/test\/contatos\/#breadcrumb\"},\"inLanguage\":\"pt-PT\",\"potentialAction\":[{\"@type\":\"ReadAction\",\"target\":[\"https:\/\/www.quasinfalivel.pt\/test\/contatos\/\"]}]},{\"@type\":\"BreadcrumbList\",\"@id\":\"https:\/\/www.quasinfalivel.pt\/test\/contatos\/#breadcrumb\",\"itemListElement\":[{\"@type\":\"ListItem\",\"position\":1,\"name\":\"In\u00edcio\",\"item\":\"https:\/\/www.quasinfalivel.pt\/test\/\"},{\"@type\":\"ListItem\",\"position\":2,\"name\":\"Contatos\"}]},{\"@type\":\"WebSite\",\"@id\":\"https:\/\/www.quasinfalivel.pt\/test\/#website\",\"url\":\"https:\/\/www.quasinfalivel.pt\/test\/\",\"name\":\"Quasinfal\u00edvel\",\"description\":\"Empresa de consultoria, auditoria, e forma\u00e7\u00e3o em \u00e1reas como CMMI, Agile, BPM, ISO 9001 e ISO 27001.\",\"publisher\":{\"@id\":\"https:\/\/www.quasinfalivel.pt\/test\/#organization\"},\"potentialAction\":[{\"@type\":\"SearchAction\",\"target\":{\"@type\":\"EntryPoint\",\"urlTemplate\":\"https:\/\/www.quasinfalivel.pt\/test\/?s={search_term_string}\"},\"query-input\":\"required name=search_term_string\"}],\"inLanguage\":\"pt-PT\"},{\"@type\":\"Organization\",\"@id\":\"https:\/\/www.quasinfalivel.pt\/test\/#organization\",\"name\":\"Quasinfal\u00edvel\",\"url\":\"https:\/\/www.quasinfalivel.pt\/test\/\",\"logo\":{\"@type\":\"ImageObject\",\"inLanguage\":\"pt-PT\",\"@id\":\"https:\/\/www.quasinfalivel.pt\/test\/#\/schema\/logo\/image\/\",\"url\":\"https:\/\/www.quasinfalivel.pt\/test\/wp-content\/uploads\/2020\/10\/logo-quasinfalivel-600x450-1.png\",\"contentUrl\":\"https:\/\/www.quasinfalivel.pt\/test\/wp-content\/uploads\/2020\/10\/logo-quasinfalivel-600x450-1.png\",\"width\":600,\"height\":451,\"caption\":\"Quasinfal\u00edvel\"},\"image\":{\"@id\":\"https:\/\/www.quasinfalivel.pt\/test\/#\/schema\/logo\/image\/\"},\"sameAs\":[\"https:\/\/www.linkedin.com\/company\/quasinfal\u00edvel-unipessoal-lda\",\"https:\/\/www.facebook.com\/Quasinfalivel-Unipessoal-Lda-442428829209221\"]}]}<\/script>\n<!-- \/ Yoast SEO plugin. -->","yoast_head_json":{"title":"Contatos - Quasinfal\u00edvel","description":"Tem d\u00favidas sobre os nossos servi\u00e7os de qualidade de processos de software? Quer solicitar uma proposta? Fale connosco!","robots":{"index":"index","follow":"follow","max-snippet":"max-snippet:-1","max-image-preview":"max-image-preview:large","max-video-preview":"max-video-preview:-1"},"canonical":"https:\/\/www.quasinfalivel.pt\/test\/contatos\/","og_locale":"pt_PT","og_type":"article","og_title":"Contatos - Quasinfal\u00edvel","og_description":"Tem d\u00favidas sobre os nossos servi\u00e7os de qualidade de processos de software? Quer solicitar uma proposta? Fale connosco!","og_url":"https:\/\/www.quasinfalivel.pt\/test\/contatos\/","og_site_name":"Quasinfal\u00edvel","article_publisher":"https:\/\/www.facebook.com\/Quasinfalivel-Unipessoal-Lda-442428829209221","article_modified_time":"2023-01-06T01:15:53+00:00","twitter_card":"summary_large_image","twitter_misc":{"Tempo estimado de leitura":"1 minuto"},"schema":{"@context":"https:\/\/schema.org","@graph":[{"@type":["WebPage","ContactPage"],"@id":"https:\/\/www.quasinfalivel.pt\/test\/contatos\/","url":"https:\/\/www.quasinfalivel.pt\/test\/contatos\/","name":"Contatos - Quasinfal\u00edvel","isPartOf":{"@id":"https:\/\/www.quasinfalivel.pt\/test\/#website"},"datePublished":"2020-02-26T19:25:39+00:00","dateModified":"2023-01-06T01:15:53+00:00","description":"Tem d\u00favidas sobre os nossos servi\u00e7os de qualidade de processos de software? Quer solicitar uma proposta? Fale connosco!","breadcrumb":{"@id":"https:\/\/www.quasinfalivel.pt\/test\/contatos\/#breadcrumb"},"inLanguage":"pt-PT","potentialAction":[{"@type":"ReadAction","target":["https:\/\/www.quasinfalivel.pt\/test\/contatos\/"]}]},{"@type":"BreadcrumbList","@id":"https:\/\/www.quasinfalivel.pt\/test\/contatos\/#breadcrumb","itemListElement":[{"@type":"ListItem","position":1,"name":"In\u00edcio","item":"https:\/\/www.quasinfalivel.pt\/test\/"},{"@type":"ListItem","position":2,"name":"Contatos"}]},{"@type":"WebSite","@id":"https:\/\/www.quasinfalivel.pt\/test\/#website","url":"https:\/\/www.quasinfalivel.pt\/test\/","name":"Quasinfal\u00edvel","description":"Empresa de consultoria, auditoria, e forma\u00e7\u00e3o em \u00e1reas como CMMI, Agile, BPM, ISO 9001 e ISO 27001.","publisher":{"@id":"https:\/\/www.quasinfalivel.pt\/test\/#organization"},"potentialAction":[{"@type":"SearchAction","target":{"@type":"EntryPoint","urlTemplate":"https:\/\/www.quasinfalivel.pt\/test\/?s={search_term_string}"},"query-input":"required name=search_term_string"}],"inLanguage":"pt-PT"},{"@type":"Organization","@id":"https:\/\/www.quasinfalivel.pt\/test\/#organization","name":"Quasinfal\u00edvel","url":"https:\/\/www.quasinfalivel.pt\/test\/","logo":{"@type":"ImageObject","inLanguage":"pt-PT","@id":"https:\/\/www.quasinfalivel.pt\/test\/#\/schema\/logo\/image\/","url":"https:\/\/www.quasinfalivel.pt\/test\/wp-content\/uploads\/2020\/10\/logo-quasinfalivel-600x450-1.png","contentUrl":"https:\/\/www.quasinfalivel.pt\/test\/wp-content\/uploads\/2020\/10\/logo-quasinfalivel-600x450-1.png","width":600,"height":451,"caption":"Quasinfal\u00edvel"},"image":{"@id":"https:\/\/www.quasinfalivel.pt\/test\/#\/schema\/logo\/image\/"},"sameAs":["https:\/\/www.linkedin.com\/company\/quasinfal\u00edvel-unipessoal-lda","https:\/\/www.facebook.com\/Quasinfalivel-Unipessoal-Lda-442428829209221"]}]}},"uagb_featured_image_src":{"full":false,"thumbnail":false,"medium":false,"medium_large":false,"large":false,"1536x1536":false,"2048x2048":false},"uagb_author_info":{"display_name":"Admin-Quasinfalivel","author_link":"https:\/\/www.quasinfalivel.pt\/test\/author\/admin-quasinfalivel\/"},"uagb_comment_info":0,"uagb_excerpt":null,"_links":{"self":[{"href":"https:\/\/www.quasinfalivel.pt\/test\/wp-json\/wp\/v2\/pages\/18055"}],"collection":[{"href":"https:\/\/www.quasinfalivel.pt\/test\/wp-json\/wp\/v2\/pages"}],"about":[{"href":"https:\/\/www.quasinfalivel.pt\/test\/wp-json\/wp\/v2\/types\/page"}],"author":[{"embeddable":true,"href":"https:\/\/www.quasinfalivel.pt\/test\/wp-json\/wp\/v2\/users\/1"}],"replies":[{"embeddable":true,"href":"https:\/\/www.quasinfalivel.pt\/test\/wp-json\/wp\/v2\/comments?post=18055"}],"version-history":[{"count":16,"href":"https:\/\/www.quasinfalivel.pt\/test\/wp-json\/wp\/v2\/pages\/18055\/revisions"}],"predecessor-version":[{"id":20973,"href":"https:\/\/www.quasinfalivel.pt\/test\/wp-json\/wp\/v2\/pages\/18055\/revisions\/20973"}],"wp:attachment":[{"href":"https:\/\/www.quasinfalivel.pt\/test\/wp-json\/wp\/v2\/media?parent=18055"}],"curies":[{"name":"wp","href":"https:\/\/api.w.org\/{rel}","templated":true}]}}